{"id":96,"date":"2024-12-29T10:20:49","date_gmt":"2024-12-29T09:20:49","guid":{"rendered":"https:\/\/migration.inveos.com\/?page_id=96"},"modified":"2026-01-16T15:22:22","modified_gmt":"2026-01-16T14:22:22","slug":"ueber-uns","status":"publish","type":"page","link":"https:\/\/inveos.com\/en\/ueber-uns\/","title":{"rendered":"About us"},"content":{"rendered":"<p>[et_pb_section fb_built=&#8220;1&#8243; admin_label=&#8220;Hero&#8220; _builder_version=&#8220;4.27.4&#8243; _module_preset=&#8220;74c69059-8e69-4122-b1e6-dfeabf6c5711&#8243; use_background_color_gradient=&#8220;on&#8220; background_color_gradient_stops=&#8220;rgba(0,0,0,0.6) 0%|rgba(0,0,0,0.9) 100%&#8220; background_color_gradient_overlays_image=&#8220;on&#8220; background_color_gradient_start=&#8220;rgba(0,0,0,0.5)&#8220; background_color_gradient_end=&#8220;rgba(0,0,0,0.75)&#8220; background_image=&#8220;https:\/\/inveos.com\/wp-content\/uploads\/2024\/12\/AWF_TRIGONIS_2023-52.jpg&#8220; background_blend=&#8220;screen&#8220; min_height=&#8220;625px&#8220; custom_padding=&#8220;0vw|0px|0vw||true|false&#8220; background_last_edited=&#8220;on|phone&#8220; parallax_phone=&#8220;off&#8220; background_size_phone=&#8220;cover&#8220; background_blend_phone=&#8220;screen&#8220; locked=&#8220;off&#8220; collapsed=&#8220;on&#8220; global_colors_info=&#8220;{}&#8220;][et_pb_row _builder_version=&#8220;4.27.3&#8243; _module_preset=&#8220;5138c454-be54-4233-bd3b-f8e6a8747976&#8243; locked=&#8220;off&#8220; global_colors_info=&#8220;{}&#8220;][et_pb_column type=&#8220;4_4&#8243; _builder_version=&#8220;4.23.1&#8243; _module_preset=&#8220;73121f80-a3ef-4484-8763-c3f18e3c56d2&#8243; global_colors_info=&#8220;{}&#8220;][et_pb_heading title=&#8220;Zu Hause in Hamburg.&#8220; _builder_version=&#8220;4.27.4&#8243; _module_preset=&#8220;ddeb8c09-9078-4424-bc15-2efb6572e28e&#8220; title_font=&#8220;&#8211;et_global_heading_font|Cormorant Garamond_weight|||||||&#8220; title_text_color=&#8220;#003F6E&#8220; title_font_size=&#8220;56px&#8220; custom_margin=&#8220;||7px|||&#8220; custom_padding=&#8220;108px|||||&#8220; locked=&#8220;off&#8220; global_colors_info=&#8220;{}&#8220;][\/et_pb_heading][\/et_pb_column][\/et_pb_row][\/et_pb_section][et_pb_section fb_built=&#8220;1&#8243; _builder_version=&#8220;4.27.3&#8243; _module_preset=&#8220;default&#8220; min_height=&#8220;1057.6px&#8220; custom_padding=&#8220;||82px|||&#8220; global_colors_info=&#8220;{}&#8220;][et_pb_row column_structure=&#8220;1_3,1_3,1_3&#8243; _builder_version=&#8220;4.27.3&#8243; _module_preset=&#8220;default&#8220; custom_padding=&#8220;||45px|||&#8220; global_colors_info=&#8220;{}&#8220;][et_pb_column type=&#8220;1_3&#8243; _builder_version=&#8220;4.27.3&#8243; _module_preset=&#8220;default&#8220; global_colors_info=&#8220;{}&#8220;][et_pb_blurb title=&#8220;Mittelst\u00e4ndisches Hamburger Unternehmen&#8220; use_icon=&#8220;on&#8220; font_icon=&#8220;&#xf13d;||fa||900&#8243; icon_color=&#8220;#003F6E&#8220; image_icon_width=&#8220;200%&#8220; content_max_width=&#8220;580px&#8220; _builder_version=&#8220;4.27.4&#8243; _module_preset=&#8220;default&#8220; header_text_align=&#8220;center&#8220; locked=&#8220;off&#8220; global_colors_info=&#8220;{}&#8220;][\/et_pb_blurb][\/et_pb_column][et_pb_column type=&#8220;1_3&#8243; _builder_version=&#8220;4.27.3&#8243; _module_preset=&#8220;default&#8220; global_colors_info=&#8220;{}&#8220;][et_pb_blurb title=&#8220;50 Kunden in Deutschland &#038; Europa&#8220; use_icon=&#8220;on&#8220; font_icon=&#8220;&#xf2b5;||fa||900&#8243; icon_color=&#8220;#003F6E&#8220; image_icon_width=&#8220;200%&#8220; content_max_width=&#8220;580px&#8220; _builder_version=&#8220;4.27.4&#8243; _module_preset=&#8220;default&#8220; header_text_align=&#8220;center&#8220; custom_padding=&#8220;||2px|||&#8220; locked=&#8220;off&#8220; global_colors_info=&#8220;{}&#8220;][\/et_pb_blurb][\/et_pb_column][et_pb_column type=&#8220;1_3&#8243; _builder_version=&#8220;4.27.3&#8243; _module_preset=&#8220;default&#8220; global_colors_info=&#8220;{}&#8220;][et_pb_blurb title=&#8220;35 Jahre IT- &#038; Branchenerfahrung&#8220; use_icon=&#8220;on&#8220; font_icon=&#8220;&#xe084;||fa||400&#8243; icon_color=&#8220;#003F6E&#8220; image_icon_width=&#8220;200%&#8220; content_max_width=&#8220;580px&#8220; _builder_version=&#8220;4.27.4&#8243; _module_preset=&#8220;default&#8220; header_text_align=&#8220;center&#8220; locked=&#8220;off&#8220; global_colors_info=&#8220;{}&#8220;][\/et_pb_blurb][\/et_pb_column][\/et_pb_row][et_pb_row _builder_version=&#8220;4.27.3&#8243; _module_preset=&#8220;default&#8220; custom_margin=&#8220;|auto|50px|auto||&#8220; custom_padding=&#8220;39px|||||&#8220; global_colors_info=&#8220;{}&#8220;][et_pb_column type=&#8220;4_4&#8243; _builder_version=&#8220;4.27.3&#8243; _module_preset=&#8220;default&#8220; global_colors_info=&#8220;{}&#8220;][et_pb_text _builder_version=&#8220;4.27.4&#8243; _module_preset=&#8220;default&#8220; global_colors_info=&#8220;{}&#8220;]<\/p>\n<p>Wir sind ein mittelst\u00e4ndisches Hamburger Softwareunternehmen mit dem Ziel, die besten L\u00f6sungen f\u00fcr Ihr R\u00fcckversicherungs- und Leasinggesch\u00e4ft zu entwickeln. Mit 35 Jahren IT- und Branchenerfahrung sowie durch die enge Zusammenarbeit mit unseren Branchenpartnern profitieren unsere Produkte nicht nur von jahrelanger Expertise, sondern bleiben stets auf dem aktuellsten Stand. <span>Dabei finden und entwickeln wir individuelle L\u00f6sungen f\u00fcr die Bed\u00fcrfnisse unserer Kunden und haben jederzeit ein offenes Ohr f\u00fcr Ihre Fragen, W\u00fcnsche und Probleme.<\/span> \u00dcber 50 Kunden aus Deutschland und Europa vertrauen tagt\u00e4glich auf unsere Software &#8211; wir freuen uns, auch Sie kennenzulernen.<\/p>\n<p>[\/et_pb_text][\/et_pb_column][\/et_pb_row][et_pb_row _builder_version=&#8220;4.27.3&#8243; _module_preset=&#8220;default&#8220; global_colors_info=&#8220;{}&#8220;][et_pb_column type=&#8220;4_4&#8243; _builder_version=&#8220;4.27.3&#8243; _module_preset=&#8220;default&#8220; global_colors_info=&#8220;{}&#8220;][et_pb_heading title=&#8220;Das sind wir.&#8220; _builder_version=&#8220;4.27.4&#8243; _module_preset=&#8220;default&#8220; title_font=&#8220;|Cormorant Garamond_weight|||||||&#8220; title_text_color=&#8220;#003F6E&#8220; title_font_size=&#8220;33px&#8220; locked=&#8220;off&#8220; global_colors_info=&#8220;{}&#8220;][\/et_pb_heading][\/et_pb_column][\/et_pb_row][et_pb_row column_structure=&#8220;1_3,1_3,1_3&#8243; _builder_version=&#8220;4.27.3&#8243; _module_preset=&#8220;default&#8220; width=&#8220;81%&#8220; custom_padding=&#8220;||48px|||&#8220; global_colors_info=&#8220;{}&#8220;][et_pb_column type=&#8220;1_3&#8243; _builder_version=&#8220;4.27.3&#8243; _module_preset=&#8220;default&#8220; global_colors_info=&#8220;{}&#8220;][et_pb_blurb title=&#8220;Torsten Ullrich&#8220; image=&#8220;https:\/\/inveos.com\/wp-content\/uploads\/2025\/01\/Torsten_Ueberuns.png&#8220; image_icon_width=&#8220;57%&#8220; _builder_version=&#8220;4.27.3&#8243; _module_preset=&#8220;default&#8220; text_orientation=&#8220;center&#8220; width=&#8220;100%&#8220; custom_padding=&#8220;|0px||||&#8220; global_colors_info=&#8220;{}&#8220;]<\/p>\n<div class=\"page\" title=\"Page 2\">\n<div class=\"section\">\n<div class=\"layoutArea\">\n<div class=\"column\">\n<p><span>Gesch\u00e4ftsf\u00fchrer &amp; Leitung R\u00fcckversicherung<\/span><\/p>\n<\/div>\n<\/div>\n<\/div>\n<\/div>\n<p>[\/et_pb_blurb][\/et_pb_column][et_pb_column type=&#8220;1_3&#8243; _builder_version=&#8220;4.27.3&#8243; _module_preset=&#8220;default&#8220; global_colors_info=&#8220;{}&#8220;][et_pb_blurb title=&#8220;Bertrand Scheller&#8220; image=&#8220;https:\/\/inveos.com\/wp-content\/uploads\/2025\/01\/Berti_Ansprechpartner.png&#8220; image_icon_width=&#8220;56%&#8220; _builder_version=&#8220;4.27.3&#8243; _module_preset=&#8220;default&#8220; text_orientation=&#8220;center&#8220; global_colors_info=&#8220;{}&#8220;]<\/p>\n<div class=\"page\" title=\"Page 2\">\n<div class=\"section\">\n<div class=\"layoutArea\">\n<div class=\"column\">\n<p>Gesch\u00e4ftsf\u00fchrer &amp; Leitung Administration<\/p>\n<\/div>\n<\/div>\n<\/div>\n<\/div>\n<p>[\/et_pb_blurb][\/et_pb_column][et_pb_column type=&#8220;1_3&#8243; _builder_version=&#8220;4.27.3&#8243; _module_preset=&#8220;default&#8220; global_colors_info=&#8220;{}&#8220;][et_pb_blurb title=&#8220;Michael Bosselmann&#8220; image=&#8220;https:\/\/inveos.com\/wp-content\/uploads\/2025\/01\/Michael-Ueberuns.png&#8220; image_icon_width=&#8220;55%&#8220; _builder_version=&#8220;4.27.3&#8243; _module_preset=&#8220;default&#8220; text_orientation=&#8220;center&#8220; global_colors_info=&#8220;{}&#8220;]<\/p>\n<div class=\"page\" title=\"Page 2\">\n<div class=\"section\">\n<div class=\"layoutArea\">\n<div class=\"column\">\n<p>Gesch\u00e4ftsf\u00fchrer &amp; Leitung Leasing<\/p>\n<\/div>\n<\/div>\n<\/div>\n<\/div>\n<p>[\/et_pb_blurb][\/et_pb_column][\/et_pb_row][et_pb_row column_structure=&#8220;1_2,1_2&#8243; _builder_version=&#8220;4.27.3&#8243; _module_preset=&#8220;default&#8220; min_height=&#8220;548.9px&#8220; custom_padding=&#8220;50px|||||&#8220; global_colors_info=&#8220;{}&#8220;][et_pb_column type=&#8220;1_2&#8243; _builder_version=&#8220;4.27.3&#8243; _module_preset=&#8220;default&#8220; global_colors_info=&#8220;{}&#8220;][et_pb_heading title=&#8220;Fachliches Know-How.&#8220; _builder_version=&#8220;4.27.5&#8243; _module_preset=&#8220;default&#8220; title_font=&#8220;|Cormorant Garamond_weight|||||||&#8220; title_text_align=&#8220;center&#8220; title_text_color=&#8220;#003F6E&#8220; title_font_size=&#8220;20px&#8220; width=&#8220;100%&#8220; custom_margin=&#8220;||18px|||&#8220; hover_enabled=&#8220;0&#8243; locked=&#8220;off&#8220; global_colors_info=&#8220;{}&#8220; sticky_enabled=&#8220;0&#8243;][\/et_pb_heading][et_pb_text _builder_version=&#8220;4.27.5&#8243; _module_preset=&#8220;default&#8220; hover_enabled=&#8220;0&#8243; global_colors_info=&#8220;{}&#8220; sticky_enabled=&#8220;0&#8243;]<\/p>\n<p style=\"text-align: center;\">Unsere Fachberaterinnen und Fachberater f\u00fcr R\u00fcckversicherung und Leasing stehen Ihnen zur Seite. Wir haben jahrzehntelange Erfahrung in beiden Branchen und beraten Sie gerne, wie Ihre W\u00fcnsche und Anforderungen in unserer Software umgesetzt werden k\u00f6nnen.<\/p>\n<p>[\/et_pb_text][et_pb_image src=&#8220;https:\/\/inveos.com\/wp-content\/uploads\/2025\/04\/Bokel25-12-scaled.jpg&#8220; title_text=&#8220;Bokel25-12&#8243; _builder_version=&#8220;4.27.5&#8243; _module_preset=&#8220;default&#8220; hover_enabled=&#8220;0&#8243; border_radii=&#8220;on|13px|13px|13px|13px&#8220; box_shadow_style=&#8220;preset3&#8243; global_colors_info=&#8220;{}&#8220; sticky_enabled=&#8220;0&#8243;][\/et_pb_image][\/et_pb_column][et_pb_column type=&#8220;1_2&#8243; _builder_version=&#8220;4.27.4&#8243; _module_preset=&#8220;default&#8220; global_colors_info=&#8220;{}&#8220;][et_pb_heading title=&#8220;Innovative Entwicklungen.&#8220; _builder_version=&#8220;4.27.5&#8243; _module_preset=&#8220;default&#8220; title_font=&#8220;|Cormorant Garamond_weight|||||||&#8220; title_text_align=&#8220;center&#8220; title_text_color=&#8220;#003F6E&#8220; title_font_size=&#8220;20px&#8220; width=&#8220;100%&#8220; custom_margin=&#8220;||18px|||&#8220; hover_enabled=&#8220;0&#8243; locked=&#8220;off&#8220; global_colors_info=&#8220;{}&#8220; sticky_enabled=&#8220;0&#8243;][\/et_pb_heading][et_pb_text _builder_version=&#8220;4.27.5&#8243; _module_preset=&#8220;default&#8220; hover_enabled=&#8220;0&#8243; global_colors_info=&#8220;{}&#8220; sticky_enabled=&#8220;0&#8243;]<\/p>\n<p style=\"text-align: center;\">Unsere Entwicklerinnen und Entwickler finden stets kreative und innovative L\u00f6sungen, um die Herausforderungen des R\u00fcckversicherungs- und Leasinggesch\u00e4fts zu bew\u00e4ltigen. In enger Abstimmung mit der Fachabteilung finden sie t\u00e4glich Wege, um ProRis und TRIGONIS f\u00fcr Sie zu optimieren.<\/p>\n<p>[\/et_pb_text][et_pb_image src=&#8220;https:\/\/inveos.com\/wp-content\/uploads\/2025\/04\/Bokel25-9-scaled.jpg&#8220; title_text=&#8220;Bokel25-9&#8243; _builder_version=&#8220;4.27.5&#8243; _module_preset=&#8220;default&#8220; hover_enabled=&#8220;0&#8243; border_radii=&#8220;on|13px|13px|13px|13px&#8220; box_shadow_style=&#8220;preset3&#8243; global_colors_info=&#8220;{}&#8220; sticky_enabled=&#8220;0&#8243;][\/et_pb_image][\/et_pb_column][\/et_pb_row][et_pb_row column_structure=&#8220;1_2,1_2&#8243; _builder_version=&#8220;4.27.3&#8243; _module_preset=&#8220;default&#8220; min_height=&#8220;548.9px&#8220; custom_padding=&#8220;50px|||||&#8220; global_colors_info=&#8220;{}&#8220;][et_pb_column type=&#8220;1_2&#8243; _builder_version=&#8220;4.27.3&#8243; _module_preset=&#8220;default&#8220; global_colors_info=&#8220;{}&#8220;][et_pb_heading title=&#8220;Sicherheit &#038; Zuverl\u00e4ssigkeit.&#8220; _builder_version=&#8220;4.27.4&#8243; _module_preset=&#8220;default&#8220; title_font=&#8220;|Cormorant Garamond_weight|||||||&#8220; title_text_align=&#8220;center&#8220; title_text_color=&#8220;#003F6E&#8220; title_font_size=&#8220;20px&#8220; width=&#8220;100%&#8220; custom_margin=&#8220;||18px|||&#8220; locked=&#8220;off&#8220; global_colors_info=&#8220;{}&#8220;][\/et_pb_heading][et_pb_text _builder_version=&#8220;4.27.4&#8243; _module_preset=&#8220;default&#8220; global_colors_info=&#8220;{}&#8220;]<\/p>\n<p style=\"text-align: center;\">Daf\u00fcr steht unser IT-Team. Sie sorgen daf\u00fcr, dass unsere IT-Systeme nicht nur funktionieren, sondern stets auf dem modernsten Stand sind und gleichzeitig h\u00f6chste Sicherheitsstandards gew\u00e4hrleisten. \u00a0<\/p>\n<p>[\/et_pb_text][et_pb_image src=&#8220;https:\/\/inveos.com\/wp-content\/uploads\/2025\/04\/Bokel25-14-scaled.jpg&#8220; title_text=&#8220;Bokel25-14&#8243; _builder_version=&#8220;4.27.4&#8243; _module_preset=&#8220;default&#8220; border_radii=&#8220;on|13px|13px|13px|13px&#8220; box_shadow_style=&#8220;preset3&#8243; global_colors_info=&#8220;{}&#8220;][\/et_pb_image][\/et_pb_column][et_pb_column type=&#8220;1_2&#8243; _builder_version=&#8220;4.27.4&#8243; _module_preset=&#8220;default&#8220; global_colors_info=&#8220;{}&#8220;][et_pb_heading title=&#8220;F\u00fcr Sie pr\u00e4sent.&#8220; _builder_version=&#8220;4.27.4&#8243; _module_preset=&#8220;default&#8220; title_font=&#8220;|Cormorant Garamond_weight|||||||&#8220; title_text_align=&#8220;center&#8220; title_text_color=&#8220;#003F6E&#8220; title_font_size=&#8220;20px&#8220; width=&#8220;100%&#8220; custom_margin=&#8220;||18px|||&#8220; locked=&#8220;off&#8220; global_colors_info=&#8220;{}&#8220;][\/et_pb_heading][et_pb_text _builder_version=&#8220;4.27.4&#8243; _module_preset=&#8220;default&#8220; global_colors_info=&#8220;{}&#8220;]<\/p>\n<p style=\"text-align: center;\">Mediale Begleitung bei unseren Veranstaltungen, die Erstellung von Tutorial-Videos, Pr\u00e4senz auf Social Media oder einen frischen Look f\u00fcr unsere Website entwerfen &#8211; um all das k\u00fcmmert sich unser Marketing-Team.\u00a0<\/p>\n<p>[\/et_pb_text][et_pb_image src=&#8220;https:\/\/inveos.com\/wp-content\/uploads\/2025\/04\/Bokel25-32-scaled.jpg&#8220; title_text=&#8220;Bokel25-32&#8243; _builder_version=&#8220;4.27.4&#8243; _module_preset=&#8220;default&#8220; border_radii=&#8220;on|13px|13px|13px|13px&#8220; box_shadow_style=&#8220;preset3&#8243; global_colors_info=&#8220;{}&#8220;][\/et_pb_image][\/et_pb_column][\/et_pb_row][\/et_pb_section][et_pb_section fb_built=&#8220;1&#8243; _builder_version=&#8220;4.27.3&#8243; _module_preset=&#8220;default&#8220; background_color=&#8220;#F0F9FE&#8220; custom_padding=&#8220;||16px|||&#8220; global_colors_info=&#8220;{}&#8220;][et_pb_row _builder_version=&#8220;4.27.3&#8243; _module_preset=&#8220;default&#8220; global_colors_info=&#8220;{}&#8220;][et_pb_column type=&#8220;4_4&#8243; _builder_version=&#8220;4.27.3&#8243; _module_preset=&#8220;default&#8220; global_colors_info=&#8220;{}&#8220;][et_pb_heading title=&#8220;Unsere Geschichte.&#8220; _builder_version=&#8220;4.27.4&#8243; _module_preset=&#8220;default&#8220; title_font=&#8220;|Cormorant Garamond_weight|||||||&#8220; title_text_color=&#8220;#003F6E&#8220; title_font_size=&#8220;33px&#8220; global_colors_info=&#8220;{}&#8220;][\/et_pb_heading][et_pb_text _builder_version=&#8220;4.27.4&#8243; _module_preset=&#8220;default&#8220; custom_margin=&#8220;||40px|||&#8220; global_colors_info=&#8220;{}&#8220;]<\/p>\n<p>Ein Team mit Hamburger Wurzeln.<\/p>\n<p>Die Geschichte der Inveos geht mehr als 40 Jahre zur\u00fcck. Zun\u00e4chst als Teil der <span>Hanse Orga Gesellschaft f\u00fcr Organisationsberatung mbH wurden in den 80er Jahren die Strukturen f\u00fcr die Unternehmensbereiche R\u00fcckversicherung und Leasing geschaffen. 1990 begann die Entwicklung von ProRis und um die Jahrtausendwende entstand die erste Version von TRIGONIS. Es folgten Fusionen mit gr\u00f6\u00dferen Unternehmensgruppen, die Umbenennung in Inveos und im Jahr 2004 wurden wir Teil der finnisch-schwedischen Tieto Enator Gruppe. 2007 wagten wir den Schritt in die Unabh\u00e4ngigkeit, l\u00f6sten uns vom Konzern und wurden zu der Inveos-Familie, die wir heute sind. Seitdem haben wir ProRis neu entwickelt, TRIGONIS vielfach erneuert, zahlreiche Anwenderforen mit unseren Kundinnen und Kunden veranstaltet und unz\u00e4hlige Zeilen Code geschrieben. Im Jahr 2021 entwickelten wir ein neues B\u00fcrokonzept im Rahmen des Erwerbs unserer eigenen Firmenimmobilie in der Herbert-Weichmann-Stra\u00dfe in unmittelbarer N\u00e4he der Hamburger Au\u00dfenalster.<\/p>\n<p>Egal, wie viele Ver\u00e4nderungen und Herausforderungen uns begegnet sind, aktuell begegnen und begegnen werden &#8211; wir halten zusammen mit dem Ziel, die bestm\u00f6glichen L\u00f6sungen f\u00fcr Sie zu entwickeln.<\/p>\n<p>[\/et_pb_text][\/et_pb_column][\/et_pb_row][et_pb_row column_structure=&#8220;1_5,1_5,1_5,1_5,1_5&#8243; _builder_version=&#8220;4.27.4&#8243; _module_preset=&#8220;default&#8220; custom_margin=&#8220;|auto|82px|auto||&#8220; global_colors_info=&#8220;{}&#8220;][et_pb_column type=&#8220;1_5&#8243; _builder_version=&#8220;4.27.4&#8243; _module_preset=&#8220;default&#8220; global_colors_info=&#8220;{}&#8220;][et_pb_blurb title=&#8220;1989&#8243; use_icon=&#8220;on&#8220; font_icon=&#8220;&#xf085;||fa||900&#8243; icon_color=&#8220;#003F6E&#8220; image_icon_width=&#8220;49px&#8220; _builder_version=&#8220;4.27.4&#8243; _module_preset=&#8220;default&#8220; header_font=&#8220;|700|||||||&#8220; header_font_size=&#8220;21px&#8220; image_icon_custom_margin=&#8220;19px||19px||true|false&#8220; text_orientation=&#8220;center&#8220; width=&#8220;100%&#8220; global_colors_info=&#8220;{}&#8220; content_max_width__hover_enabled=&#8220;on|desktop&#8220; height__hover_enabled=&#8220;on|desktop&#8220;]<\/p>\n<p style=\"text-align: center;\">Aufbau der Bereiche R\u00fcckversicherung &amp; Leasing.<\/p>\n<p>[\/et_pb_blurb][\/et_pb_column][et_pb_column type=&#8220;1_5&#8243; _builder_version=&#8220;4.27.4&#8243; _module_preset=&#8220;default&#8220; global_colors_info=&#8220;{}&#8220;][et_pb_blurb title=&#8220;1990&#8243; image=&#8220;https:\/\/inveos.com\/wp-content\/uploads\/2024\/10\/Eisberg.png&#8220; image_icon_width=&#8220;36%&#8220; _builder_version=&#8220;4.27.4&#8243; _module_preset=&#8220;default&#8220; header_font=&#8220;|700|||||||&#8220; header_font_size=&#8220;21px&#8220; text_orientation=&#8220;center&#8220; global_colors_info=&#8220;{}&#8220;]<\/p>\n<p style=\"text-align: center;\">Start Entwicklung ProRis.<\/p>\n<p>[\/et_pb_blurb][\/et_pb_column][et_pb_column type=&#8220;1_5&#8243; _builder_version=&#8220;4.27.4&#8243; _module_preset=&#8220;default&#8220; global_colors_info=&#8220;{}&#8220;][et_pb_blurb title=&#8220;2000&#8243; image=&#8220;https:\/\/inveos.com\/wp-content\/uploads\/2024\/10\/Planet.png&#8220; image_icon_width=&#8220;55%&#8220; _builder_version=&#8220;4.27.4&#8243; _module_preset=&#8220;default&#8220; header_font=&#8220;|700|||||||&#8220; header_font_size=&#8220;21px&#8220; image_icon_custom_margin=&#8220;9px||9px||true|false&#8220; text_orientation=&#8220;center&#8220; global_colors_info=&#8220;{}&#8220;]<\/p>\n<p style=\"text-align: center;\">Start Entwicklung TRIGONIS.<\/p>\n<p>[\/et_pb_blurb][\/et_pb_column][et_pb_column type=&#8220;1_5&#8243; _builder_version=&#8220;4.27.4&#8243; _module_preset=&#8220;default&#8220; global_colors_info=&#8220;{}&#8220;][et_pb_blurb title=&#8220;2007&#8243; use_icon=&#8220;on&#8220; font_icon=&#8220;&#xf571;||fa||900&#8243; icon_color=&#8220;#003F6E&#8220; image_icon_width=&#8220;67px&#8220; _builder_version=&#8220;4.27.4&#8243; _module_preset=&#8220;default&#8220; header_font=&#8220;|700|||||||&#8220; header_font_size=&#8220;21px&#8220; image_icon_custom_margin=&#8220;10px||10px||true|false&#8220; text_orientation=&#8220;center&#8220; global_colors_info=&#8220;{}&#8220;]<\/p>\n<p style=\"text-align: center;\">Management Buyout. \u00a0Inveos wird unabh\u00e4ngig.<\/p>\n<p>[\/et_pb_blurb][\/et_pb_column][et_pb_column type=&#8220;1_5&#8243; _builder_version=&#8220;4.27.4&#8243; _module_preset=&#8220;default&#8220; global_colors_info=&#8220;{}&#8220;][et_pb_blurb title=&#8220;2021&#8243; use_icon=&#8220;on&#8220; font_icon=&#8220;&#xe066;||fa||900&#8243; icon_color=&#8220;#003F6E&#8220; image_icon_width=&#8220;69px&#8220; _builder_version=&#8220;4.27.4&#8243; _module_preset=&#8220;default&#8220; header_font=&#8220;|700|||||||&#8220; header_font_size=&#8220;21px&#8220; image_icon_custom_margin=&#8220;8px||8px||true|false&#8220; text_orientation=&#8220;center&#8220; global_colors_info=&#8220;{}&#8220;]<\/p>\n<p style=\"text-align: center;\">Erwerb eines eigenen Firmensitzes mit neuem B\u00fcrokonzept.<\/p>\n<p>[\/et_pb_blurb][\/et_pb_column][\/et_pb_row][\/et_pb_section][et_pb_section fb_built=&#8220;1&#8243; _builder_version=&#8220;4.27.4&#8243; _module_preset=&#8220;default&#8220; background_image=&#8220;https:\/\/inveos.com\/wp-content\/uploads\/2025\/08\/Bokel25-15-1-scaled.jpg&#8220; min_height=&#8220;55em&#8220; min_height_tablet=&#8220;28em&#8220; min_height_phone=&#8220;auto&#8220; min_height_last_edited=&#8220;on|desktop&#8220; custom_margin=&#8220;0px||1px|||&#8220; global_colors_info=&#8220;{}&#8220;][et_pb_row _builder_version=&#8220;4.27.4&#8243; _module_preset=&#8220;default&#8220; global_colors_info=&#8220;{}&#8220;][et_pb_column type=&#8220;4_4&#8243; _builder_version=&#8220;4.27.4&#8243; _module_preset=&#8220;default&#8220; global_colors_info=&#8220;{}&#8220;][\/et_pb_column][\/et_pb_row][\/et_pb_section]<\/p>\n","protected":false},"excerpt":{"rendered":"<p>Wir sind ein mittelst\u00e4ndisches Hamburger Softwareunternehmen mit dem Ziel, die besten L\u00f6sungen f\u00fcr Ihr R\u00fcckversicherungs- und Leasinggesch\u00e4ft zu entwickeln. Mit 35 Jahren IT- und Branchenerfahrung sowie durch die enge Zusammenarbeit mit unseren Branchenpartnern profitieren unsere Produkte nicht nur von jahrelanger Expertise, sondern bleiben stets auf dem aktuellsten Stand. Dabei finden und entwickeln wir individuelle L\u00f6sungen [&hellip;]<\/p>\n","protected":false},"author":2,"featured_media":0,"parent":0,"menu_order":0,"comment_status":"closed","ping_status":"closed","template":"","meta":{"_et_pb_use_builder":"on","_et_pb_old_content":"<!-- wp:divi\/placeholder \/-->","_et_gb_content_width":"","footnotes":""},"class_list":["post-96","page","type-page","status-publish","hentry"],"_links":{"self":[{"href":"https:\/\/inveos.com\/en\/wp-json\/wp\/v2\/pages\/96","targetHints":{"allow":["GET"]}}],"collection":[{"href":"https:\/\/inveos.com\/en\/wp-json\/wp\/v2\/pages"}],"about":[{"href":"https:\/\/inveos.com\/en\/wp-json\/wp\/v2\/types\/page"}],"author":[{"embeddable":true,"href":"https:\/\/inveos.com\/en\/wp-json\/wp\/v2\/users\/2"}],"replies":[{"embeddable":true,"href":"https:\/\/inveos.com\/en\/wp-json\/wp\/v2\/comments?post=96"}],"version-history":[{"count":40,"href":"https:\/\/inveos.com\/en\/wp-json\/wp\/v2\/pages\/96\/revisions"}],"predecessor-version":[{"id":1083,"href":"https:\/\/inveos.com\/en\/wp-json\/wp\/v2\/pages\/96\/revisions\/1083"}],"wp:attachment":[{"href":"https:\/\/inveos.com\/en\/wp-json\/wp\/v2\/media?parent=96"}],"curies":[{"name":"wp","href":"https:\/\/api.w.org\/{rel}","templated":true}]}}