{"id":428,"date":"2025-06-13T09:17:05","date_gmt":"2025-06-13T07:17:05","guid":{"rendered":"https:\/\/migration.inveos.com\/?page_id=428"},"modified":"2025-11-14T12:31:59","modified_gmt":"2025-11-14T11:31:59","slug":"impressum","status":"publish","type":"page","link":"https:\/\/inveos.com\/en\/impressum\/","title":{"rendered":"Imprint"},"content":{"rendered":"[et_pb_section fb_built=&#8220;1&#8243; admin_label=&#8220;section&#8220; _builder_version=&#8220;4.16&#8243; global_colors_info=&#8220;{}&#8220;][et_pb_row admin_label=&#8220;row&#8220; _builder_version=&#8220;4.16&#8243; background_size=&#8220;initial&#8220; background_position=&#8220;top_left&#8220; background_repeat=&#8220;repeat&#8220; global_colors_info=&#8220;{}&#8220;][et_pb_column type=&#8220;4_4&#8243; _builder_version=&#8220;4.16&#8243; custom_padding=&#8220;|||&#8220; global_colors_info=&#8220;{}&#8220; custom_padding__hover=&#8220;|||&#8220;][et_pb_text admin_label=&#8220;Text&#8220; _builder_version=&#8220;4.27.4&#8243; background_size=&#8220;initial&#8220; background_position=&#8220;top_left&#8220; background_repeat=&#8220;repeat&#8220; global_colors_info=&#8220;{}&#8220;]<p><\/p>\n<p><strong>Inveos GmbH<\/strong><br \/>Herbert-Weichmann-Stra\u00dfe 47<br \/>22085 Hamburg<\/p>\n<p><\/p>\n<p><\/p>\n<p>Handelsregister: HRB 89725<br \/>Registergericht: Amtsgericht Hamburg<\/p>\n<p><\/p>\n<p><\/p>\n<p><strong>Vertreten durch:<\/strong><br \/>Gesch\u00e4ftsf\u00fchrung: Michael Bosselmann, Bertrand Scheller, Torsten Ullrich<\/p>\n<p><\/p>\n<p><\/p>\n<h2 class=\"wp-block-heading\">Kontakt<\/h2>\n<p>Telefon: +49 40 88 13 09-0<br \/>E-Mail: info@inveos.com<\/p>\n<p><\/p>\n<p><\/p>\n<h2 class=\"wp-block-heading\">Umsatzsteuer-ID<\/h2>\n<p>Umsatzsteuer-Identifikationsnummer gem\u00e4\u00df \u00a7 27 a Umsatzsteuergesetz:<br \/>DE232825826<\/p>\n<p><\/p>\n<p><\/p>\n<h2 class=\"wp-block-heading\">Verbraucher\u00adstreit\u00adbeilegung\/Universal\u00adschlichtungs\u00adstelle<\/h2>\n<p>Wir sind nicht bereit oder verpflichtet, an Streitbeilegungsverfahren vor einer Verbraucherschlichtungsstelle teilzunehmen.<\/p>\n<p><\/p>[\/et_pb_text][\/et_pb_column][\/et_pb_row][\/et_pb_section]","protected":false},"excerpt":{"rendered":"<p>Inveos GmbHHerbert-Weichmann-Stra\u00dfe 4722085 Hamburg Handelsregister: HRB 89725Registergericht: Amtsgericht Hamburg Vertreten durch:Gesch\u00e4ftsf\u00fchrung: Michael Bosselmann, Bertrand Scheller, Torsten Ullrich Kontakt Telefon: +49 40 88 13 09-0E-Mail: info@inveos.com Umsatzsteuer-ID Umsatzsteuer-Identifikationsnummer gem\u00e4\u00df \u00a7 27 a Umsatzsteuergesetz:DE232825826 Verbraucher\u00adstreit\u00adbeilegung\/Universal\u00adschlichtungs\u00adstelle Wir sind nicht bereit oder verpflichtet, an Streitbeilegungsverfahren vor einer Verbraucherschlichtungsstelle teilzunehmen.<\/p>","protected":false},"author":3,"featured_media":0,"parent":0,"menu_order":0,"comment_status":"closed","ping_status":"closed","template":"","meta":{"_et_pb_use_builder":"on","_et_pb_old_content":"<!-- wp:paragraph -->\n<p>Inveos GmbH<br>Herbert-Weichmann-Stra\u00dfe 47<br>22085 Hamburg<\/p>\n<!-- \/wp:paragraph -->\n\n<!-- wp:paragraph -->\n<p>Handelsregister: HRB 89725<br>Registergericht: Amtsgericht Hamburg<\/p>\n<!-- \/wp:paragraph -->\n\n<!-- wp:paragraph -->\n<p><strong>Vertreten durch:<\/strong><br>Gesch\u00e4ftsf\u00fchrung: Michael Bosselmann, Bertrand Scheller, Torsten Ullrich<\/p>\n<!-- \/wp:paragraph -->\n\n<!-- wp:heading -->\n<h2 class=\"wp-block-heading\">Kontakt<\/h2>\n<!-- \/wp:heading -->\n\n<!-- wp:paragraph -->\n<p>Telefon: +49 40 88 13 09-0<br>Telefax: +49 40 88 13 09-100<br>E-Mail: info@inveos.com<\/p>\n<!-- \/wp:paragraph -->\n\n<!-- wp:heading -->\n<h2 class=\"wp-block-heading\">Umsatzsteuer-ID<\/h2>\n<!-- \/wp:heading -->\n\n<!-- wp:paragraph -->\n<p>Umsatzsteuer-Identifikationsnummer gem\u00e4\u00df \u00a7 27 a Umsatzsteuergesetz:<br>DE232825826<\/p>\n<!-- \/wp:paragraph -->\n\n<!-- wp:heading -->\n<h2 class=\"wp-block-heading\">EU-Streitschlichtung<\/h2>\n<!-- \/wp:heading -->\n\n<!-- wp:paragraph -->\n<p>Die Europ\u00e4ische Kommission stellt eine Plattform zur Online-Streitbeilegung (OS) bereit:&nbsp;<a href=\"https:\/\/ec.europa.eu\/consumers\/odr\/\" target=\"_blank\" rel=\"noreferrer noopener\">https:\/\/ec.europa.eu\/consumers\/odr\/<\/a>.<br>Unsere E-Mail-Adresse finden Sie oben im Impressum.<\/p>\n<!-- \/wp:paragraph -->\n\n<!-- wp:heading -->\n<h2 class=\"wp-block-heading\">Verbraucher\u00adstreit\u00adbeilegung\/Universal\u00adschlichtungs\u00adstelle<\/h2>\n<!-- \/wp:heading -->\n\n<!-- wp:paragraph -->\n<p>Wir sind nicht bereit oder verpflichtet, an Streitbeilegungsverfahren vor einer Verbraucherschlichtungsstelle teilzunehmen.<\/p>\n<!-- \/wp:paragraph -->","_et_gb_content_width":"","footnotes":""},"class_list":["post-428","page","type-page","status-publish","hentry"],"_links":{"self":[{"href":"https:\/\/inveos.com\/en\/wp-json\/wp\/v2\/pages\/428","targetHints":{"allow":["GET"]}}],"collection":[{"href":"https:\/\/inveos.com\/en\/wp-json\/wp\/v2\/pages"}],"about":[{"href":"https:\/\/inveos.com\/en\/wp-json\/wp\/v2\/types\/page"}],"author":[{"embeddable":true,"href":"https:\/\/inveos.com\/en\/wp-json\/wp\/v2\/users\/3"}],"replies":[{"embeddable":true,"href":"https:\/\/inveos.com\/en\/wp-json\/wp\/v2\/comments?post=428"}],"version-history":[{"count":6,"href":"https:\/\/inveos.com\/en\/wp-json\/wp\/v2\/pages\/428\/revisions"}],"predecessor-version":[{"id":1041,"href":"https:\/\/inveos.com\/en\/wp-json\/wp\/v2\/pages\/428\/revisions\/1041"}],"wp:attachment":[{"href":"https:\/\/inveos.com\/en\/wp-json\/wp\/v2\/media?parent=428"}],"curies":[{"name":"wp","href":"https:\/\/api.w.org\/{rel}","templated":true}]}}