{"id":158,"date":"2025-01-03T16:38:03","date_gmt":"2025-01-03T15:38:03","guid":{"rendered":"https:\/\/migration.inveos.com\/?page_id=158"},"modified":"2025-11-19T10:42:41","modified_gmt":"2025-11-19T09:42:41","slug":"jobs-bei-uns","status":"publish","type":"page","link":"https:\/\/inveos.com\/en\/jobs-bei-uns\/","title":{"rendered":"Careers"},"content":{"rendered":"<p>[et_pb_section fb_built=&#8220;1&#8243; admin_label=&#8220;Hero&#8220; _builder_version=&#8220;4.27.4&#8243; _module_preset=&#8220;74c69059-8e69-4122-b1e6-dfeabf6c5711&#8243; use_background_color_gradient=&#8220;on&#8220; background_color_gradient_stops=&#8220;rgba(0,0,0,0.6) 0%|rgba(0,0,0,0.9) 100%&#8220; background_color_gradient_overlays_image=&#8220;on&#8220; background_color_gradient_start=&#8220;rgba(0,0,0,0.5)&#8220; background_color_gradient_end=&#8220;rgba(0,0,0,0.75)&#8220; background_image=&#8220;https:\/\/inveos.com\/wp-content\/uploads\/2024\/12\/AWF_TRIGONIS_2023-52.jpg&#8220; background_blend=&#8220;screen&#8220; custom_padding=&#8220;6vw||6vw||true|false&#8220; hover_enabled=&#8220;0&#8243; locked=&#8220;off&#8220; collapsed=&#8220;on&#8220; global_colors_info=&#8220;{}&#8220; sticky_enabled=&#8220;0&#8243;][et_pb_row _builder_version=&#8220;4.27.0&#8243; _module_preset=&#8220;5138c454-be54-4233-bd3b-f8e6a8747976&#8243; locked=&#8220;off&#8220; global_colors_info=&#8220;{}&#8220;][et_pb_column type=&#8220;4_4&#8243; _builder_version=&#8220;4.23.1&#8243; _module_preset=&#8220;73121f80-a3ef-4484-8763-c3f18e3c56d2&#8243; global_colors_info=&#8220;{}&#8220;][et_pb_heading _builder_version=&#8220;4.27.3&#8243; _module_preset=&#8220;f0c675ea-2574-4d0e-b725-30f8550a8550&#8243; locked=&#8220;off&#8220; global_colors_info=&#8220;{}&#8220;][\/et_pb_heading][et_pb_heading title=&#8220;Willkommen im Team.&#8220; _builder_version=&#8220;4.27.3&#8243; _module_preset=&#8220;ddeb8c09-9078-4424-bc15-2efb6572e28e&#8220; title_font=&#8220;&#8211;et_global_heading_font|Cormorant Garamond_weight|||||||&#8220; title_text_color=&#8220;#003F6E&#8220; title_font_size=&#8220;56px&#8220; custom_padding=&#8220;||55px|||&#8220; locked=&#8220;off&#8220; global_colors_info=&#8220;{}&#8220;][\/et_pb_heading][\/et_pb_column][\/et_pb_row][\/et_pb_section][et_pb_section fb_built=&#8220;1&#8243; admin_label=&#8220;About&#8220; _builder_version=&#8220;4.25.1&#8243; _module_preset=&#8220;default&#8220; custom_padding=&#8220;||31px|||&#8220; collapsed=&#8220;on&#8220; global_colors_info=&#8220;{}&#8220;][et_pb_row _builder_version=&#8220;4.27.3&#8243; _module_preset=&#8220;default&#8220; custom_padding=&#8220;||0px|||&#8220; global_colors_info=&#8220;{}&#8220;][et_pb_column type=&#8220;4_4&#8243; _builder_version=&#8220;4.27.3&#8243; _module_preset=&#8220;default&#8220; global_colors_info=&#8220;{}&#8220;][et_pb_text _builder_version=&#8220;4.27.4&#8243; _module_preset=&#8220;default&#8220; custom_padding=&#8220;5px|||||&#8220; global_colors_info=&#8220;{}&#8220;]<\/p>\n<div class=\"page\" title=\"Page 2\">\n<div class=\"section\">\n<div class=\"layoutArea\">\n<div class=\"column\">\n<p>Wir sind ein lockeres Team von jung bis alt, in dem Erfahrung auf neue Ideen trifft. Das gemeinsame Arbeiten im Team f\u00fcr das Erreichen unserer Ziele steht f\u00fcr uns an erster Stelle und wir freuen uns, wenn jede und jeder seine und ihre individuellen F\u00e4higkeiten mit einbringt. Wir sind offen f\u00fcr neue Perspektiven und haben Spa\u00df daran, gemeinsam erfolgreiche Produkte f\u00fcr unsere Kundinnen und Kunden zu entwickeln.<\/p>\n<p>Bei uns arbeiten Softwareentwickler Seite an Seite mit Fachberatern aus den Bereichen R\u00fcckversicherung und Leasing, um unser R\u00fcckversicherungssystem ProRis und die Leasing-Planungssoftware TRIGONIS jeden Tag ein St\u00fcck zu verbessern.<\/p>\n<p><strong>Ganz egal ob Du studierst, Berufseinsteiger bist oder schon einige Jahre Joberfahrung hast &#8211; wir freuen uns, Dich kennenzulernen!<\/strong><\/p>\n<p>&nbsp;<\/p>\n<\/div>\n<\/div>\n<\/div>\n<\/div>\n<p>[\/et_pb_text][\/et_pb_column][\/et_pb_row][\/et_pb_section][et_pb_section fb_built=&#8220;1&#8243; _builder_version=&#8220;4.27.3&#8243; _module_preset=&#8220;default&#8220; custom_margin=&#8220;-28px|||||&#8220; global_colors_info=&#8220;{}&#8220;][et_pb_row column_structure=&#8220;1_3,1_3,1_3&#8243; _builder_version=&#8220;4.27.3&#8243; _module_preset=&#8220;default&#8220; global_colors_info=&#8220;{}&#8220;][et_pb_column type=&#8220;1_3&#8243; _builder_version=&#8220;4.27.3&#8243; _module_preset=&#8220;default&#8220; global_colors_info=&#8220;{}&#8220;][et_pb_blurb title=&#8220;Anne, Team ProRis&#8220; image=&#8220;https:\/\/inveos.com\/wp-content\/uploads\/2024\/12\/Anne-Ueberuns.png&#8220; image_icon_width=&#8220;57%&#8220; _builder_version=&#8220;4.27.3&#8243; _module_preset=&#8220;default&#8220; text_orientation=&#8220;center&#8220; global_colors_info=&#8220;{}&#8220;]<\/p>\n<div class=\"page\" title=\"Page 2\">\n<div class=\"section\">\n<div class=\"layoutArea\">\n<div class=\"column\">\n<p><span>\u201e<\/span><span><em>Arbeiten in einem Unternehmen, in dem der Teamgeist gro\u00df geschrieben wird! Die Ta\u0308tigkeiten werden durch die hohe Spezialisierung nie langweilig, man kann sich fortwa\u0308hrend weiterentwickeln<\/em>.<\/span><span>\u201c<\/span><\/p>\n<\/div>\n<\/div>\n<\/div>\n<\/div>\n<p>[\/et_pb_blurb][\/et_pb_column][et_pb_column type=&#8220;1_3&#8243; _builder_version=&#8220;4.27.3&#8243; _module_preset=&#8220;default&#8220; global_colors_info=&#8220;{}&#8220;][et_pb_blurb title=&#8220;Iman, Systemadministrator&#8220; image=&#8220;https:\/\/inveos.com\/wp-content\/uploads\/2025\/08\/Iman_Ueber_uns.png&#8220; image_icon_width=&#8220;56%&#8220; _builder_version=&#8220;4.27.4&#8243; _module_preset=&#8220;default&#8220; text_orientation=&#8220;center&#8220; global_colors_info=&#8220;{}&#8220;]<\/p>\n<div class=\"page\" title=\"Page 2\">\n<div class=\"section\">\n<div class=\"layoutArea\">\n<div class=\"column\">\n<p><span>&#8222;<em>Inveos ist eine weltoffene Firma und es spielt keine Rolle, wo du herkommst. Meiner Meinung nach ist die Firma ein Symbol fu\u0308r Zusammenarbeit und Zu- sammenhalt in einer multikulturellen Gesellschaft<\/em><\/span><span><em>.<\/em>\u201c<\/span><\/p>\n<\/div>\n<\/div>\n<\/div>\n<\/div>\n<p>[\/et_pb_blurb][\/et_pb_column][et_pb_column type=&#8220;1_3&#8243; _builder_version=&#8220;4.27.3&#8243; _module_preset=&#8220;default&#8220; global_colors_info=&#8220;{}&#8220;][et_pb_blurb title=&#8220;Steffi, Team TRIGONIS&#8220; image=&#8220;https:\/\/inveos.com\/wp-content\/uploads\/2025\/10\/Steffi-Ueberuns_2.png&#8220; image_icon_width=&#8220;55%&#8220; _builder_version=&#8220;4.27.4&#8243; _module_preset=&#8220;default&#8220; text_orientation=&#8220;center&#8220; global_colors_info=&#8220;{}&#8220;]<\/p>\n<div class=\"page\" title=\"Page 2\">\n<div class=\"section\">\n<div class=\"layoutArea\">\n<div class=\"column\">\n<p><span>\u201e<\/span><em>Am meisten scha\u0308tze ich die flachen <\/em><span><em>Hierarchien sowie die Beru\u0308cksichtigung der indivduellen Fa\u0308higkeiten und Bedu\u0308rfnisse. Man wird in die Unternehmensstrategie miteinbezogen, kann sich einbringen und direkt etwas bewirken.<\/em>\u201c<\/span><\/p>\n<\/div>\n<\/div>\n<\/div>\n<\/div>\n<p>[\/et_pb_blurb][\/et_pb_column][\/et_pb_row][\/et_pb_section][et_pb_section fb_built=&#8220;1&#8243; _builder_version=&#8220;4.27.3&#8243; _module_preset=&#8220;default&#8220; background_color=&#8220;#F0F9FE&#8220; custom_margin=&#8220;-32px|||||&#8220; global_colors_info=&#8220;{}&#8220;][et_pb_row _builder_version=&#8220;4.27.3&#8243; _module_preset=&#8220;default&#8220; global_colors_info=&#8220;{}&#8220;][et_pb_column type=&#8220;4_4&#8243; _builder_version=&#8220;4.27.3&#8243; _module_preset=&#8220;default&#8220; global_colors_info=&#8220;{}&#8220;][et_pb_heading title=&#8220;Deine Vorteile bei uns.&#8220; _builder_version=&#8220;4.27.4&#8243; _module_preset=&#8220;default&#8220; title_font=&#8220;|Cormorant Garamond_weight|||||||&#8220; title_text_color=&#8220;#003F6E&#8220; title_font_size=&#8220;33px&#8220; global_colors_info=&#8220;{}&#8220;][\/et_pb_heading][\/et_pb_column][\/et_pb_row][et_pb_row column_structure=&#8220;1_4,1_4,1_4,1_4&#8243; _builder_version=&#8220;4.27.3&#8243; _module_preset=&#8220;default&#8220; custom_margin=&#8220;|auto|69px|auto||&#8220; global_colors_info=&#8220;{}&#8220;][et_pb_column type=&#8220;1_4&#8243; _builder_version=&#8220;4.27.3&#8243; _module_preset=&#8220;default&#8220; global_colors_info=&#8220;{}&#8220;][et_pb_blurb title=&#8220;Flexible Arbeitszeit &#038; Homeoffice&#8220; use_icon=&#8220;on&#8220; font_icon=&#8220;&#xe066;||fa||900&#8243; icon_color=&#8220;#003F6E&#8220; image_icon_width=&#8220;60px&#8220; _builder_version=&#8220;4.27.3&#8243; _module_preset=&#8220;default&#8220; text_orientation=&#8220;center&#8220; global_colors_info=&#8220;{}&#8220;]<\/p>\n<p>Ob Vollzeit, Teilzeit, Werkstudent oder ein individuelles Modell &#8211; wir finden eine L\u00f6sung.<\/p>\n<p>[\/et_pb_blurb][\/et_pb_column][et_pb_column type=&#8220;1_4&#8243; _builder_version=&#8220;4.27.3&#8243; _module_preset=&#8220;default&#8220; global_colors_info=&#8220;{}&#8220;][et_pb_blurb title=&#8220;Offene Kultur &#038; flache Hierarchien&#8220; use_icon=&#8220;on&#8220; font_icon=&#8220;&#xf0c0;||fa||900&#8243; icon_color=&#8220;#003F6E&#8220; image_icon_width=&#8220;60px&#8220; _builder_version=&#8220;4.27.3&#8243; _module_preset=&#8220;default&#8220; text_orientation=&#8220;center&#8220; locked=&#8220;off&#8220; global_colors_info=&#8220;{}&#8220;]<\/p>\n<p>Wir haben Freude am gemeinsamen Erfolg und bieten allen Raum, sich einzubringen.<\/p>\n<p>[\/et_pb_blurb][\/et_pb_column][et_pb_column type=&#8220;1_4&#8243; _builder_version=&#8220;4.27.3&#8243; _module_preset=&#8220;default&#8220; global_colors_info=&#8220;{}&#8220;][et_pb_blurb title=&#8220;Betriebliche Altervorsorge&#8220; use_icon=&#8220;on&#8220; font_icon=&#8220;&#xf4c0;||fa||900&#8243; icon_color=&#8220;#003F6E&#8220; image_icon_width=&#8220;60px&#8220; _builder_version=&#8220;4.27.4&#8243; _module_preset=&#8220;default&#8220; text_orientation=&#8220;center&#8220; locked=&#8220;off&#8220; global_colors_info=&#8220;{}&#8220;]Gute betriebliche Altersvorsorge und betriebliche Krankenversicherung.[\/et_pb_blurb][\/et_pb_column][et_pb_column type=&#8220;1_4&#8243; _builder_version=&#8220;4.27.3&#8243; _module_preset=&#8220;default&#8220; global_colors_info=&#8220;{}&#8220;][et_pb_blurb title=&#8220;Firmenfitness &#038; Jobrad-Angebot&#8220; use_icon=&#8220;on&#8220; font_icon=&#8220;&#xf70c;||fa||900&#8243; icon_color=&#8220;#003F6E&#8220; image_icon_width=&#8220;60px&#8220; _builder_version=&#8220;4.27.3&#8243; _module_preset=&#8220;default&#8220; text_orientation=&#8220;center&#8220; locked=&#8220;off&#8220; global_colors_info=&#8220;{}&#8220;]<\/p>\n<p>Nur ein gesundes Team ist ein produktives Team. Daher sind wir Partner von Hansefit und Jobrad.<\/p>\n<p>[\/et_pb_blurb][\/et_pb_column][\/et_pb_row][et_pb_row _builder_version=&#8220;4.27.4&#8243; _module_preset=&#8220;default&#8220; custom_margin=&#8220;|auto|60px|auto||&#8220; border_radii=&#8220;on|5px|5px|5px|5px&#8220; global_colors_info=&#8220;{}&#8220; transform_styles__hover_enabled=&#8220;on|desktop&#8220; transform_scale__hover_enabled=&#8220;on|desktop&#8220; transform_translate__hover_enabled=&#8220;on|desktop&#8220; transform_rotate__hover_enabled=&#8220;on|desktop&#8220; transform_skew__hover_enabled=&#8220;on|desktop&#8220; transform_origin__hover_enabled=&#8220;on|desktop&#8220; transform_scale__hover=&#8220;100%|100%&#8220;][et_pb_column type=&#8220;4_4&#8243; _builder_version=&#8220;4.27.3&#8243; _module_preset=&#8220;default&#8220; global_colors_info=&#8220;{}&#8220;][et_pb_cta title=&#8220;Du m\u00f6chtest Teil unseres Teams werden?&#8220; button_url=&#8220;mailto:recruiting@inveos.com&#8220; button_text=&#8220;Hier geht es zur Bewerbung!&#8220; _builder_version=&#8220;4.27.4&#8243; _module_preset=&#8220;default&#8220; background_color=&#8220;#003F6E&#8220; custom_button=&#8220;on&#8220; button_text_size=&#8220;15px&#8220; button_text_color=&#8220;#FFFFFF&#8220; button_bg_color=&#8220;#003F6E&#8220; button_border_radius=&#8220;24px&#8220; button_use_icon=&#8220;off&#8220; min_height=&#8220;185px&#8220; custom_margin=&#8220;0px||||false|false&#8220; custom_padding=&#8220;37px||37px||true|false&#8220; border_radii=&#8220;on|5px|5px|5px|5px&#8220; box_shadow_style=&#8220;preset3&#8243; global_colors_info=&#8220;{}&#8220; button_bg_color__hover_enabled=&#8220;on|desktop&#8220; button_bg_color__hover=&#8220;#109ABB&#8220; button_bg_enable_color__hover=&#8220;on&#8220; transform_styles__hover_enabled=&#8220;on|hover&#8220; transform_scale__hover_enabled=&#8220;on|hover&#8220; transform_translate__hover_enabled=&#8220;on|desktop&#8220; transform_rotate__hover_enabled=&#8220;on|desktop&#8220; transform_skew__hover_enabled=&#8220;on|desktop&#8220; transform_origin__hover_enabled=&#8220;on|desktop&#8220; button_text_size__hover_enabled=&#8220;on|hover&#8220; button_text_size__hover=&#8220;16px&#8220;]<\/p>\n<p>Sende deine Bewerbung mit Anschreiben und Lebenslauf an uns. Wir freuen uns, Dich kennenzulernen.<\/p>\n<p>[\/et_pb_cta][\/et_pb_column][\/et_pb_row][et_pb_row column_structure=&#8220;2_5,3_5&#8243; _builder_version=&#8220;4.27.3&#8243; _module_preset=&#8220;default&#8220; min_height=&#8220;504px&#8220; custom_margin=&#8220;2px|auto||auto||&#8220; locked=&#8220;off&#8220; global_colors_info=&#8220;{}&#8220;][et_pb_column type=&#8220;2_5&#8243; _builder_version=&#8220;4.27.3&#8243; _module_preset=&#8220;default&#8220; global_colors_info=&#8220;{}&#8220;][et_pb_heading title=&#8220;Zu Hause in Hamburg.&#8220; _builder_version=&#8220;4.27.4&#8243; _module_preset=&#8220;default&#8220; title_font=&#8220;|Cormorant Garamond_weight|||||||&#8220; title_text_color=&#8220;#003F6E&#8220; title_font_size=&#8220;33px&#8220; global_colors_info=&#8220;{}&#8220;][\/et_pb_heading][et_pb_text _builder_version=&#8220;4.27.3&#8243; _module_preset=&#8220;default&#8220; global_colors_info=&#8220;{}&#8220;]<\/p>\n<p>Unser Standort in Hamburg liegt in direkter N\u00e4he zur wundersch\u00f6nen Au\u00dfenalster. Unsere R\u00e4umlichkeiten sind modern eingerichtet und auf unser hybrides Arbeitsmodell angepasst. Unsere Terasse eignet sich f\u00fcr eine gem\u00fctliche Mittagspause oder einen Grillabend im Team.<\/p>\n<p>[\/et_pb_text][\/et_pb_column][et_pb_column type=&#8220;3_5&#8243; _builder_version=&#8220;4.27.3&#8243; _module_preset=&#8220;default&#8220; global_colors_info=&#8220;{}&#8220;][et_pb_gallery gallery_ids=&#8220;574,188,612,187,189,613&#8243; fullwidth=&#8220;on&#8220; _builder_version=&#8220;4.27.4&#8243; _module_preset=&#8220;default&#8220; border_radii=&#8220;on|5px|5px|5px|5px&#8220; global_colors_info=&#8220;{}&#8220;][\/et_pb_gallery][\/et_pb_column][\/et_pb_row][\/et_pb_section][et_pb_section fb_built=&#8220;1&#8243; _builder_version=&#8220;4.27.3&#8243; _module_preset=&#8220;default&#8220; background_color=&#8220;#003F6E&#8220; global_colors_info=&#8220;{}&#8220;][et_pb_row column_structure=&#8220;2_5,3_5&#8243; _builder_version=&#8220;4.27.3&#8243; _module_preset=&#8220;default&#8220; global_colors_info=&#8220;{}&#8220;][et_pb_column type=&#8220;2_5&#8243; _builder_version=&#8220;4.27.3&#8243; _module_preset=&#8220;default&#8220; global_colors_info=&#8220;{}&#8220;][et_pb_image src=&#8220;https:\/\/inveos.com\/wp-content\/uploads\/2025\/01\/Timon-Jobs.png&#8220; title_text=&#8220;Timon-Jobs&#8220; align=&#8220;center&#8220; _builder_version=&#8220;4.27.3&#8243; _module_preset=&#8220;default&#8220; width=&#8220;83%&#8220; global_colors_info=&#8220;{}&#8220;][\/et_pb_image][\/et_pb_column][et_pb_column type=&#8220;3_5&#8243; _builder_version=&#8220;4.27.3&#8243; _module_preset=&#8220;default&#8220; global_colors_info=&#8220;{}&#8220;][et_pb_heading title=&#8220;Du studierst und m\u00f6chtest praktische Erfahrung sammeln?&#8220; _builder_version=&#8220;4.27.3&#8243; _module_preset=&#8220;default&#8220; title_level=&#8220;h2&#8243; title_font=&#8220;|Cormorant Garamond_weight|||||||&#8220; title_font_size=&#8220;25px&#8220; global_colors_info=&#8220;{}&#8220;][\/et_pb_heading][et_pb_text _builder_version=&#8220;4.27.3&#8243; _module_preset=&#8220;default&#8220; text_text_color=&#8220;#FFFFFF&#8220; custom_margin=&#8220;|-96px||||&#8220; custom_padding=&#8220;|42px||||&#8220; global_colors_info=&#8220;{}&#8220;]<\/p>\n<div class=\"page\" title=\"Page 2\">\n<div class=\"section\">\n<div class=\"layoutArea\">\n<div class=\"column\">\n<p><span>Wir freuen uns immer u\u0308ber junge Unterstu\u0308tzung im Team! Ob als duale\/r Student\/in oder Werkstudent\/in, <\/span><span>bei uns kannst Du dein Wissen aus dem Studium in unsere Produkte miteinflie\u00dfen lassen.<\/span><\/p>\n<p><span>\u201e<\/span><span><em>Als dualer Student bei der Inveos habe ich die Mo\u0308glichkeit, an der Software TRIGONIS aktiv mitzuwirken und neue Features mit Unterstu\u0308tzung des Teams zu implementieren. Bei meinem Studium unterstu\u0308tzt mich das gesamte Team, sei es bei Versta\u0308ndnisfragen oder der Bearbeitung von Aufgabenbla\u0308ttern. Au\u00dferdem haben die im Studium vermittelten Inhalte einen guten Bezug zu meiner Arbeit bei der Inveos und ich kann die gelernten Inhalte meist direkt bei der Weiterentwicklung von TRIGONIS anwenden<\/em>.<\/span><span>\u201c<\/span><\/p>\n<p><span>Timon, Dualer Student im Team TRIGONIS<\/span><\/p>\n<\/div>\n<\/div>\n<\/div>\n<\/div>\n<p>[\/et_pb_text][et_pb_button button_url=&#8220;mailto:recruiting@inveos.com&#8220; button_text=&#8220;Jetzt bewerben!&#8220; _builder_version=&#8220;4.27.4&#8243; _module_preset=&#8220;default&#8220; custom_button=&#8220;on&#8220; button_text_size=&#8220;19px&#8220; button_text_color=&#8220;#FFFFFF&#8220; button_bg_color=&#8220;#003F6E&#8220; button_border_radius=&#8220;31px&#8220; global_colors_info=&#8220;{}&#8220; button_bg_color__hover_enabled=&#8220;on|hover&#8220; button_text_size__hover_enabled=&#8220;on|hover&#8220; button_text_size__hover=&#8220;20px&#8220; button_bg_color__hover=&#8220;#109ABB&#8220; button_bg_enable_color__hover=&#8220;on&#8220;][\/et_pb_button][\/et_pb_column][\/et_pb_row][\/et_pb_section]<\/p>\n","protected":false},"excerpt":{"rendered":"<p>Wir sind ein lockeres Team von jung bis alt, in dem Erfahrung auf neue Ideen trifft. Das gemeinsame Arbeiten im Team f\u00fcr das Erreichen unserer Ziele steht f\u00fcr uns an erster Stelle und wir freuen uns, wenn jede und jeder seine und ihre individuellen F\u00e4higkeiten mit einbringt. Wir sind offen f\u00fcr neue Perspektiven und haben [&hellip;]<\/p>\n","protected":false},"author":2,"featured_media":0,"parent":0,"menu_order":0,"comment_status":"closed","ping_status":"closed","template":"","meta":{"_et_pb_use_builder":"on","_et_pb_old_content":"","_et_gb_content_width":"","footnotes":""},"class_list":["post-158","page","type-page","status-publish","hentry"],"_links":{"self":[{"href":"https:\/\/inveos.com\/en\/wp-json\/wp\/v2\/pages\/158","targetHints":{"allow":["GET"]}}],"collection":[{"href":"https:\/\/inveos.com\/en\/wp-json\/wp\/v2\/pages"}],"about":[{"href":"https:\/\/inveos.com\/en\/wp-json\/wp\/v2\/types\/page"}],"author":[{"embeddable":true,"href":"https:\/\/inveos.com\/en\/wp-json\/wp\/v2\/users\/2"}],"replies":[{"embeddable":true,"href":"https:\/\/inveos.com\/en\/wp-json\/wp\/v2\/comments?post=158"}],"version-history":[{"count":23,"href":"https:\/\/inveos.com\/en\/wp-json\/wp\/v2\/pages\/158\/revisions"}],"predecessor-version":[{"id":1055,"href":"https:\/\/inveos.com\/en\/wp-json\/wp\/v2\/pages\/158\/revisions\/1055"}],"wp:attachment":[{"href":"https:\/\/inveos.com\/en\/wp-json\/wp\/v2\/media?parent=158"}],"curies":[{"name":"wp","href":"https:\/\/api.w.org\/{rel}","templated":true}]}}