{"id":155,"date":"2025-01-03T16:37:53","date_gmt":"2025-01-03T15:37:53","guid":{"rendered":"https:\/\/migration.inveos.com\/?page_id=155"},"modified":"2025-11-10T07:16:09","modified_gmt":"2025-11-10T06:16:09","slug":"nachhaltigkeit","status":"publish","type":"page","link":"https:\/\/inveos.com\/en\/nachhaltigkeit\/","title":{"rendered":"Sustainability"},"content":{"rendered":"<p>[et_pb_section fb_built=&#8220;1&#8243; admin_label=&#8220;Hero&#8220; _builder_version=&#8220;4.27.4&#8243; _module_preset=&#8220;74c69059-8e69-4122-b1e6-dfeabf6c5711&#8243; use_background_color_gradient=&#8220;on&#8220; background_color_gradient_stops=&#8220;rgba(0,0,0,0.6) 0%|rgba(0,0,0,0.9) 100%&#8220; background_color_gradient_overlays_image=&#8220;on&#8220; background_color_gradient_start=&#8220;rgba(0,0,0,0.5)&#8220; background_color_gradient_end=&#8220;rgba(0,0,0,0.75)&#8220; background_image=&#8220;https:\/\/inveos.com\/wp-content\/uploads\/2025\/02\/Nachhaltigkeit-scaled.jpg&#8220; background_position=&#8220;top_center&#8220; background_blend=&#8220;screen&#8220; custom_padding=&#8220;6vw||6vw||true|false&#8220; locked=&#8220;off&#8220; collapsed=&#8220;on&#8220; global_colors_info=&#8220;{}&#8220;][et_pb_row _builder_version=&#8220;4.27.0&#8243; _module_preset=&#8220;5138c454-be54-4233-bd3b-f8e6a8747976&#8243; locked=&#8220;off&#8220; global_colors_info=&#8220;{}&#8220;][et_pb_column type=&#8220;4_4&#8243; _builder_version=&#8220;4.23.1&#8243; _module_preset=&#8220;73121f80-a3ef-4484-8763-c3f18e3c56d2&#8243; global_colors_info=&#8220;{}&#8220;][et_pb_heading _builder_version=&#8220;4.27.4&#8243; _module_preset=&#8220;f0c675ea-2574-4d0e-b725-30f8550a8550&#8243; title_font_size=&#8220;48px&#8220; locked=&#8220;off&#8220; global_colors_info=&#8220;{}&#8220;][\/et_pb_heading][et_pb_heading title=&#8220;Nachhaltigkeit liegt uns am Herzen.&#8220; _builder_version=&#8220;4.27.4&#8243; _module_preset=&#8220;ddeb8c09-9078-4424-bc15-2efb6572e28e&#8220; title_font=&#8220;&#8211;et_global_heading_font|Cormorant Garamond_weight|||||||&#8220; title_text_color=&#8220;#F0F9FE&#8220; title_font_size=&#8220;41px&#8220; min_height=&#8220;106px&#8220; custom_margin=&#8220;||24px|||&#8220; custom_padding=&#8220;25px||20px|||&#8220; locked=&#8220;off&#8220; global_colors_info=&#8220;{}&#8220;][\/et_pb_heading][\/et_pb_column][\/et_pb_row][\/et_pb_section][et_pb_section fb_built=&#8220;1&#8243; admin_label=&#8220;About&#8220; _builder_version=&#8220;4.25.1&#8243; _module_preset=&#8220;default&#8220; custom_padding=&#8220;||31px|||&#8220; collapsed=&#8220;on&#8220; global_colors_info=&#8220;{}&#8220;][et_pb_row _builder_version=&#8220;4.27.3&#8243; _module_preset=&#8220;default&#8220; custom_padding=&#8220;||0px|||&#8220; global_colors_info=&#8220;{}&#8220;][et_pb_column type=&#8220;4_4&#8243; _builder_version=&#8220;4.27.3&#8243; _module_preset=&#8220;default&#8220; global_colors_info=&#8220;{}&#8220;][et_pb_text _builder_version=&#8220;4.27.4&#8243; _module_preset=&#8220;default&#8220; custom_padding=&#8220;5px||52px|||&#8220; global_colors_info=&#8220;{}&#8220;]<\/p>\n<div class=\"page\" title=\"Page 2\">\n<div class=\"section\">\n<div class=\"layoutArea\">\n<div class=\"column\">\n<p>F\u00fcr uns ist das Thema Nachhaltigkeit von entscheidender Bedeutung. Wir sind davon \u00fcberzeugt, dass der Wandel hin zu einer klimabewussten Gesellschaft nur im Schulterschluss mit den Unternehmen gelingen kann.<\/p>\n<p>In den letzten Jahren haben wir begonnen, einige Prozesse umzustellen. Unsere ersten umgesetzten und zuk\u00fcnftig geplanten Schritte haben wir nun erstmals in einem Nachhaltigkeitskonzept zusammengefasst, welches nun fortw\u00e4hrend weiterentwickelt wird.<\/p>\n<\/div>\n<\/div>\n<\/div>\n<\/div>\n<p>[\/et_pb_text][\/et_pb_column][\/et_pb_row][\/et_pb_section][et_pb_section fb_built=&#8220;1&#8243; _builder_version=&#8220;4.27.4&#8243; _module_preset=&#8220;default&#8220; background_color=&#8220;#e1f2d2&#8243; custom_margin=&#8220;-32px|||||&#8220; global_colors_info=&#8220;{}&#8220;][et_pb_row _builder_version=&#8220;4.27.3&#8243; _module_preset=&#8220;default&#8220; global_colors_info=&#8220;{}&#8220;][et_pb_column type=&#8220;4_4&#8243; _builder_version=&#8220;4.27.3&#8243; _module_preset=&#8220;default&#8220; global_colors_info=&#8220;{}&#8220;][et_pb_heading title=&#8220;Nachhaltigkeit im B\u00fcro&#8220; _builder_version=&#8220;4.27.4&#8243; _module_preset=&#8220;default&#8220; title_font=&#8220;|Cormorant Garamond_weight|||||||&#8220; title_text_color=&#8220;#00b200&#8243; title_font_size=&#8220;33px&#8220; global_colors_info=&#8220;{}&#8220;][\/et_pb_heading][\/et_pb_column][\/et_pb_row][et_pb_row column_structure=&#8220;1_2,1_2&#8243; _builder_version=&#8220;4.27.3&#8243; _module_preset=&#8220;default&#8220; custom_margin=&#8220;|auto|69px|auto||&#8220; global_colors_info=&#8220;{}&#8220;][et_pb_column type=&#8220;1_2&#8243; _builder_version=&#8220;4.27.3&#8243; _module_preset=&#8220;default&#8220; global_colors_info=&#8220;{}&#8220;][et_pb_blurb title=&#8220;Desk Sharing &#038; Homeoffice&#8220; use_icon=&#8220;on&#8220; font_icon=&#8220;&#xe066;||fa||900&#8243; icon_color=&#8220;#00b200&#8243; icon_placement=&#8220;left&#8220; image_icon_width=&#8220;60px&#8220; _builder_version=&#8220;4.27.4&#8243; _module_preset=&#8220;default&#8220; header_text_align=&#8220;left&#8220; header_text_color=&#8220;#00b200&#8243; global_colors_info=&#8220;{}&#8220;]<\/p>\n<p><span>Seit Januar 2022 hat die Inveos GmbH einen neuen Standort bezogen. Die firmeneigene Immobilie verf\u00fcgt \u00fcber 15 Arbeitspl\u00e4tze und einen Konferenzraum, welche \u00fcber ein digitales Raumbuchungssystem von den Mitarbeiterinnen und Mitarbeitern gebucht werden k\u00f6nnen. Wir setzen auf das Prinzip des Desk Sharing in Kombination mit einem Homeoffice-Betrieb. Die physischen Arbeitspl\u00e4tze werden damit effizienter genutzt.<\/span><\/p>\n<p>[\/et_pb_blurb][\/et_pb_column][et_pb_column type=&#8220;1_2&#8243; _builder_version=&#8220;4.27.3&#8243; _module_preset=&#8220;default&#8220; global_colors_info=&#8220;{}&#8220;][et_pb_blurb title=&#8220;Gr\u00fcne Mobilit\u00e4t&#8220; use_icon=&#8220;on&#8220; font_icon=&#8220;&#xf206;||fa||900&#8243; icon_color=&#8220;#00b200&#8243; icon_placement=&#8220;left&#8220; image_icon_width=&#8220;60px&#8220; _builder_version=&#8220;4.27.4&#8243; _module_preset=&#8220;default&#8220; header_text_align=&#8220;left&#8220; header_text_color=&#8220;#00b200&#8243; global_colors_info=&#8220;{}&#8220;]<\/p>\n<p><span>Wir m\u00f6chten eine nachhaltige Mobilit\u00e4t unserer Mitarbeiterinnen und Mitarbeiter f\u00f6rdern. Daher erm\u00f6glichen wir finanzielle Unterst\u00fctzung f\u00fcr HVV-Tickets und bieten die Jobrad-Kooperation an. Firmenfahrzeuge wurden bereits auf E-Autos oder Hybride umgestellt. Gest\u00fctzt wird dies von der Reduktion von Fahrten ins B\u00fcro insgesamt, bedingt durch die Verlagerung eines Gro\u00dfteils der Arbeitstage der Mitarbeiterinnen und Mitarbeiter ins Homeoffice.<\/span><\/p>\n<p>[\/et_pb_blurb][\/et_pb_column][\/et_pb_row][et_pb_row column_structure=&#8220;1_2,1_2&#8243; _builder_version=&#8220;4.27.3&#8243; _module_preset=&#8220;default&#8220; custom_margin=&#8220;|auto|69px|auto||&#8220; global_colors_info=&#8220;{}&#8220;][et_pb_column type=&#8220;1_2&#8243; _builder_version=&#8220;4.27.3&#8243; _module_preset=&#8220;default&#8220; global_colors_info=&#8220;{}&#8220;][et_pb_blurb title=&#8220;Weniger Verbrauch&#8220; use_icon=&#8220;on&#8220; font_icon=&#8220;&#xf2f1;||fa||900&#8243; icon_color=&#8220;#00b200&#8243; icon_placement=&#8220;left&#8220; image_icon_width=&#8220;60px&#8220; _builder_version=&#8220;4.27.4&#8243; _module_preset=&#8220;default&#8220; header_text_align=&#8220;left&#8220; header_text_color=&#8220;#00b200&#8243; locked=&#8220;off&#8220; global_colors_info=&#8220;{}&#8220;]<\/p>\n<p><span>Das neue B\u00fcrokonzept bedeutet auch eine erhebliche Reduktion von bestimmten Konsumg\u00fctern bzw. deren Ersatz durch nachhaltige Alternativen. Die Digitalisierung von Akten und Post reduziert unseren Papierverbrauch auf nahezu null. Lediglich das rechtlich Notwendige versenden und lagern wir noch in Papierform. Auch Plastikflaschen haben wir abgeschafft. Zus\u00e4tzlich m\u00f6chten wir das Thema Nachhaltigkeit bei unseren Versorgern ansprechen und bei der Auswahl neuer Versorger ber\u00fccksichtigen.<\/span><\/p>\n<p>[\/et_pb_blurb][\/et_pb_column][et_pb_column type=&#8220;1_2&#8243; _builder_version=&#8220;4.27.3&#8243; _module_preset=&#8220;default&#8220; global_colors_info=&#8220;{}&#8220;][et_pb_blurb title=&#8220;Intelligentes Licht- &#038; Heizkonzept&#8220; use_icon=&#8220;on&#8220; font_icon=&#8220;&#xe072;||divi||400&#8243; icon_color=&#8220;#00b200&#8243; icon_placement=&#8220;left&#8220; image_icon_width=&#8220;60px&#8220; _builder_version=&#8220;4.27.4&#8243; _module_preset=&#8220;default&#8220; header_text_align=&#8220;left&#8220; header_text_color=&#8220;#00b200&#8243; locked=&#8220;off&#8220; global_colors_info=&#8220;{}&#8220;]<\/p>\n<p><span>Die reduzierte B\u00fcrofl\u00e4che bietet gute M\u00f6glichkeiten, um Energie zu sparen. Dabei behilflich ist die neu installierte Bewegungslichtersteuerung. Auch das Heizen k\u00f6nnen wir nun effektiver gestalten. Hierf\u00fcr planen wir ein neues Heizkonzept, welches die Ersetzung der alten Gasheizung sowie eine Heizungssteuerung, die sich an der aktuellen Belegung der R\u00e4ume orientiert, einschlie\u00dft.<\/span><\/p>\n<p>[\/et_pb_blurb][\/et_pb_column][\/et_pb_row][\/et_pb_section][et_pb_section fb_built=&#8220;1&#8243; _builder_version=&#8220;4.27.4&#8243; _module_preset=&#8220;default&#8220; custom_padding=&#8220;||14px|||&#8220; global_colors_info=&#8220;{}&#8220;][et_pb_row _builder_version=&#8220;4.27.4&#8243; _module_preset=&#8220;default&#8220; global_colors_info=&#8220;{}&#8220;][et_pb_column type=&#8220;4_4&#8243; _builder_version=&#8220;4.27.4&#8243; _module_preset=&#8220;default&#8220; global_colors_info=&#8220;{}&#8220;][et_pb_heading title=&#8220;Gemeinsam mit unseren Kunden &#038; Partnern&#8220; _builder_version=&#8220;4.27.4&#8243; _module_preset=&#8220;default&#8220; title_font=&#8220;|Cormorant Garamond_weight|||||||&#8220; title_text_color=&#8220;#00b200&#8243; title_font_size=&#8220;27px&#8220; custom_margin=&#8220;||5px|||&#8220; locked=&#8220;off&#8220; global_colors_info=&#8220;{}&#8220;][\/et_pb_heading][et_pb_text _builder_version=&#8220;4.27.4&#8243; _module_preset=&#8220;default&#8220; hover_enabled=&#8220;0&#8243; global_colors_info=&#8220;{}&#8220; sticky_enabled=&#8220;0&#8243;]<\/p>\n<p><span>Die Integration von Nachhaltigkeitsaspekten in unsere Produkte gewinnt stetig an Bedeutung \u2013 nicht nur f\u00fcr uns, sondern vor allem f\u00fcr unsere Kunden, deren Anforderungen in diesem Bereich weiter wachsen. Gemeinsam m\u00f6chten wir daran arbeiten, diese Ziele schnell, effizient und messbar zu erreichen \u2013 mit L\u00f6sungen, die \u00f6kologische und \u00f6konomische Verantwortung miteinander verbinden.<\/span><span><\/span><\/p>\n<p><span>Die Corona-Pandemie hat gezeigt, dass Kundengespr\u00e4che und die Kommunikation zwischen Unternehmen komplett digital durchgef\u00fchrt werden k\u00f6nnen. In Absprache mit unseren Kunden und Partnern reduzieren wir Gesch\u00e4ftsreisen auf das unbedingt Notwendige.\u00a0<\/span><\/p>\n<p>[\/et_pb_text][\/et_pb_column][\/et_pb_row][et_pb_row _builder_version=&#8220;4.27.4&#8243; _module_preset=&#8220;default&#8220; custom_margin=&#8220;|auto|-35px|auto||&#8220; custom_padding=&#8220;6px||46px|||&#8220; global_colors_info=&#8220;{}&#8220;][et_pb_column type=&#8220;4_4&#8243; _builder_version=&#8220;4.27.4&#8243; _module_preset=&#8220;default&#8220; global_colors_info=&#8220;{}&#8220;][et_pb_heading title=&#8220;Aktionen&#8220; _builder_version=&#8220;4.27.4&#8243; _module_preset=&#8220;default&#8220; title_font=&#8220;|Cormorant Garamond_weight|||||||&#8220; title_text_color=&#8220;#00b200&#8243; title_font_size=&#8220;27px&#8220; custom_margin=&#8220;||5px|||&#8220; locked=&#8220;off&#8220; global_colors_info=&#8220;{}&#8220;][\/et_pb_heading][et_pb_text _builder_version=&#8220;4.27.4&#8243; _module_preset=&#8220;default&#8220; global_colors_info=&#8220;{}&#8220;]<\/p>\n<p><span>Wir unterst\u00fctzen die lokale Nachhaltigkeitsinitiative \u201eMein Baum Meine Stadt\u201c. Anstatt allj\u00e4hrlich mit viel Aufwand Papierkalender zu bedrucken und an unsere Kunden zu verschicken, beteiligen wir uns an der Hamburger Aktion. Mit unserer Spende wurde ein neuer Baum bei uns in der Nachbarschaft gepflanzt. Auch unsere Weihnachtspost versenden wir nur noch digital.<\/span><\/p>\n<p>[\/et_pb_text][\/et_pb_column][\/et_pb_row][et_pb_row _builder_version=&#8220;4.27.4&#8243; _module_preset=&#8220;default&#8220; min_height=&#8220;171px&#8220; custom_margin=&#8220;|auto|-34px|auto||&#8220; custom_padding=&#8220;||106px|||&#8220; global_colors_info=&#8220;{}&#8220;][et_pb_column type=&#8220;4_4&#8243; _builder_version=&#8220;4.27.4&#8243; _module_preset=&#8220;default&#8220; global_colors_info=&#8220;{}&#8220;][et_pb_heading title=&#8220;Wir bleiben dran!&#8220; _builder_version=&#8220;4.27.4&#8243; _module_preset=&#8220;default&#8220; title_font=&#8220;|Cormorant Garamond_weight|||||||&#8220; title_text_color=&#8220;#00b200&#8243; title_font_size=&#8220;27px&#8220; custom_margin=&#8220;||5px|||&#8220; locked=&#8220;off&#8220; global_colors_info=&#8220;{}&#8220;][\/et_pb_heading][et_pb_text _builder_version=&#8220;4.27.4&#8243; _module_preset=&#8220;default&#8220; global_colors_info=&#8220;{}&#8220;]<\/p>\n<p><span>Wir wissen, dass im Bereich Nachhaltigkeit weiterhin viel zu tun ist und entwickeln unsere Nachhaltigkeitsstrategie fortw\u00e4hrend weiter. Wir freuen uns, seit Kurzem auch eine frisch zertifizierte Nachhaltigkeitsmanagerin an Bord zu haben.<\/span><\/p>\n<p>[\/et_pb_text][\/et_pb_column][\/et_pb_row][\/et_pb_section][et_pb_section fb_built=&#8220;1&#8243; _builder_version=&#8220;4.27.3&#8243; _module_preset=&#8220;default&#8220; custom_padding=&#8220;14px|||||&#8220; locked=&#8220;off&#8220; global_colors_info=&#8220;{}&#8220;][et_pb_row _builder_version=&#8220;4.27.4&#8243; _module_preset=&#8220;default&#8220; global_colors_info=&#8220;{}&#8220;][et_pb_column type=&#8220;4_4&#8243; _builder_version=&#8220;4.27.4&#8243; _module_preset=&#8220;default&#8220; global_colors_info=&#8220;{}&#8220;][et_pb_heading title=&#8220;Fragen? Wir freuen uns \u00fcber Ihre Nachricht.&#8220; _builder_version=&#8220;4.27.4&#8243; _module_preset=&#8220;default&#8220; title_font=&#8220;&#8211;et_global_heading_font|Cormorant Garamond_weight|||||||&#8220; title_text_color=&#8220;#00b200&#8243; title_font_size=&#8220;23px&#8220; locked=&#8220;off&#8220; global_colors_info=&#8220;{}&#8220;][\/et_pb_heading][\/et_pb_column][\/et_pb_row][et_pb_row column_structure=&#8220;1_2,1_2&#8243; _builder_version=&#8220;4.27.4&#8243; _module_preset=&#8220;default&#8220; global_colors_info=&#8220;{}&#8220;][et_pb_column type=&#8220;1_2&#8243; _builder_version=&#8220;4.27.4&#8243; _module_preset=&#8220;default&#8220; global_colors_info=&#8220;{}&#8220;][et_pb_blurb title=&#8220;Stephanie Rohbrecht&#8220; image=&#8220;https:\/\/inveos.com\/wp-content\/uploads\/2025\/10\/Steffi-Ueberuns_2.png&#8220; image_icon_width=&#8220;45%&#8220; _builder_version=&#8220;4.27.4&#8243; _module_preset=&#8220;default&#8220; header_text_color=&#8220;#00b200&#8243; text_orientation=&#8220;center&#8220; locked=&#8220;off&#8220; global_colors_info=&#8220;{}&#8220;]<\/p>\n<p>Nachhaltigkeitsbeauftragte<\/p>\n<p>[\/et_pb_blurb][et_pb_button button_url=&#8220;mailto:info@inveos.com&#8220; url_new_window=&#8220;on&#8220; button_text=&#8220;Schreiben Sie uns!&#8220; button_alignment=&#8220;center&#8220; _builder_version=&#8220;4.27.4&#8243; _module_preset=&#8220;default&#8220; custom_button=&#8220;on&#8220; button_text_size=&#8220;16px&#8220; button_text_color=&#8220;#FFFFFF&#8220; button_bg_color=&#8220;#00b200&#8243; button_border_radius=&#8220;28px&#8220; global_colors_info=&#8220;{}&#8220; button_text_color__hover_enabled=&#8220;on|hover&#8220; button_bg_color__hover_enabled=&#8220;on|desktop&#8220; button_text_color__hover=&#8220;#00b200&#8243; button_bg_color__hover=&#8220;#FFFFFF&#8220; button_bg_enable_color__hover=&#8220;on&#8220; button_text_size__hover_enabled=&#8220;on|hover&#8220; button_text_size__hover=&#8220;18px&#8220;][\/et_pb_button][\/et_pb_column][et_pb_column type=&#8220;1_2&#8243; _builder_version=&#8220;4.27.4&#8243; _module_preset=&#8220;default&#8220; global_colors_info=&#8220;{}&#8220;][\/et_pb_column][\/et_pb_row][\/et_pb_section]<\/p>\n","protected":false},"excerpt":{"rendered":"<p>F\u00fcr uns ist das Thema Nachhaltigkeit von entscheidender Bedeutung. Wir sind davon \u00fcberzeugt, dass der Wandel hin zu einer klimabewussten Gesellschaft nur im Schulterschluss mit den Unternehmen gelingen kann. In den letzten Jahren haben wir begonnen, einige Prozesse umzustellen. Unsere ersten umgesetzten und zuk\u00fcnftig geplanten Schritte haben wir nun erstmals in einem Nachhaltigkeitskonzept zusammengefasst, welches [&hellip;]<\/p>\n","protected":false},"author":2,"featured_media":0,"parent":0,"menu_order":0,"comment_status":"closed","ping_status":"closed","template":"","meta":{"_et_pb_use_builder":"on","_et_pb_old_content":"<!-- wp:divi\/placeholder \/-->","_et_gb_content_width":"","footnotes":""},"class_list":["post-155","page","type-page","status-publish","hentry"],"_links":{"self":[{"href":"https:\/\/inveos.com\/en\/wp-json\/wp\/v2\/pages\/155","targetHints":{"allow":["GET"]}}],"collection":[{"href":"https:\/\/inveos.com\/en\/wp-json\/wp\/v2\/pages"}],"about":[{"href":"https:\/\/inveos.com\/en\/wp-json\/wp\/v2\/types\/page"}],"author":[{"embeddable":true,"href":"https:\/\/inveos.com\/en\/wp-json\/wp\/v2\/users\/2"}],"replies":[{"embeddable":true,"href":"https:\/\/inveos.com\/en\/wp-json\/wp\/v2\/comments?post=155"}],"version-history":[{"count":13,"href":"https:\/\/inveos.com\/en\/wp-json\/wp\/v2\/pages\/155\/revisions"}],"predecessor-version":[{"id":984,"href":"https:\/\/inveos.com\/en\/wp-json\/wp\/v2\/pages\/155\/revisions\/984"}],"wp:attachment":[{"href":"https:\/\/inveos.com\/en\/wp-json\/wp\/v2\/media?parent=155"}],"curies":[{"name":"wp","href":"https:\/\/api.w.org\/{rel}","templated":true}]}}