{"id":1110,"date":"2026-02-03T16:09:00","date_gmt":"2026-02-03T15:09:00","guid":{"rendered":"https:\/\/inveos.com\/?page_id=1110"},"modified":"2026-02-09T14:55:41","modified_gmt":"2026-02-09T13:55:41","slug":"anmeldung-proris-anwenderforum","status":"publish","type":"page","link":"https:\/\/inveos.com\/en\/anmeldung-proris-anwenderforum\/","title":{"rendered":"Registration ProRis User Forum"},"content":{"rendered":"\n[et_pb_section fb_built=&#8220;1&#8243; _builder_version=&#8220;4.27.5&#8243; _module_preset=&#8220;default&#8220; background_image=&#8220;https:\/\/inveos.com\/wp-content\/uploads\/2024\/12\/AWF_TRIGONIS_2023-53.jpg&#8220; min_height=&#8220;450px&#8220; global_colors_info=&#8220;{}&#8220;][\/et_pb_section][et_pb_section fb_built=&#8220;1&#8243; _builder_version=&#8220;4.27.5&#8243; _module_preset=&#8220;default&#8220; global_colors_info=&#8220;{}&#8220;][et_pb_row _builder_version=&#8220;4.27.5&#8243; _module_preset=&#8220;default&#8220; global_colors_info=&#8220;{}&#8220;][et_pb_column type=&#8220;4_4&#8243; _builder_version=&#8220;4.27.5&#8243; _module_preset=&#8220;default&#8220; global_colors_info=&#8220;{}&#8220;][et_pb_heading title=&#8220;ProRis blue Anwenderforum am 24. &#038; 25. Juni in Hamburg&#8220; _builder_version=&#8220;4.27.5&#8243; _module_preset=&#8220;default&#8220; title_font=&#8220;|Cormorant Garamond_weight|||||||&#8220; title_text_color=&#8220;#109ABB&#8220; title_font_size=&#8220;33px&#8220; custom_margin=&#8220;||58px|||&#8220; custom_padding=&#8220;||0px|||&#8220; locked=&#8220;off&#8220; global_colors_info=&#8220;{}&#8220;][\/et_pb_heading][et_pb_text _builder_version=&#8220;4.27.5&#8243; _module_preset=&#8220;default&#8220; custom_margin=&#8220;-11px|||||&#8220; locked=&#8220;off&#8220; global_colors_info=&#8220;{}&#8220;]<p data-renderer-start-pos=\"906\" data-local-id=\"c90a0018-febf-4abe-8195-213288a8d547\"><strong data-renderer-mark=\"true\">Liebe Kundinnen und Kunden,<\/strong><\/p>\n<p data-renderer-start-pos=\"935\" data-local-id=\"bed85cf1-089a-4c55-94f3-683aae76ed21\">wir freuen uns, Sie zum <strong data-renderer-mark=\"true\">ProRis Anwenderforum 2026<\/strong> einzuladen. Am <strong data-renderer-mark=\"true\">24. und 25. Juni 2026<\/strong> treffen wir uns in Hamburg zu zwei Tagen voller Austausch, Information und pers\u00f6nlicher Begegnungen.<\/p>\n<h4 data-renderer-start-pos=\"1124\" data-local-id=\"fd883a75-47d1-44e0-9bbd-781edb2d22d4\"><strong data-renderer-mark=\"true\"><\/strong><\/h4>\n<h4 data-renderer-start-pos=\"1124\" data-local-id=\"fd883a75-47d1-44e0-9bbd-781edb2d22d4\"><strong data-renderer-mark=\"true\"><\/strong><\/h4>\n<h4 data-renderer-start-pos=\"1124\" data-local-id=\"fd883a75-47d1-44e0-9bbd-781edb2d22d4\"><strong data-renderer-mark=\"true\">Veranstaltungsort<\/strong><\/h4>\n<p data-renderer-start-pos=\"1124\" data-local-id=\"fd883a75-47d1-44e0-9bbd-781edb2d22d4\">HOTEL HAFEN HAMBURG<br \/>Seewartenstra\u00dfe 9<br \/>20459 Hamburg<\/p>\n<p data-renderer-start-pos=\"1195\" data-local-id=\"99151685-5e96-42f2-843a-ac2f784e3f91\">Am <strong data-renderer-mark=\"true\">24. Juni<\/strong> treffen wir uns um <strong>16:45 Uhr<\/strong> vor dem HOTEL HAFEN HAMBURG zu einem gemeinsamen Abendevent. Das Abendessen findet ebenfalls dort statt. Ein abwechslungsreiches Rahmenprogramm ist in Planung \u2013 wir informieren Sie hierzu rechtzeitig.<\/p>\n<p data-renderer-start-pos=\"1195\" data-local-id=\"99151685-5e96-42f2-843a-ac2f784e3f91\">Am <strong data-renderer-mark=\"true\">25. Juni<\/strong> beginnt das Anwenderforum um <strong data-renderer-mark=\"true\">9:00 Uhr<\/strong> und endet gegen <strong data-renderer-mark=\"true\">16:30 Uhr<\/strong>.<\/p>\n<p data-renderer-start-pos=\"1195\" data-local-id=\"99151685-5e96-42f2-843a-ac2f784e3f91\">Wie gewohnt erwarten Sie aktuelle Informationen rund um <strong data-renderer-mark=\"true\">ProRis<\/strong>, <strong data-renderer-mark=\"true\">Inveos<\/strong>, unsere <strong data-renderer-mark=\"true\">Vertriebsaktivit\u00e4ten<\/strong>, <strong data-renderer-mark=\"true\">Weiterentwicklungen<\/strong> und <strong data-renderer-mark=\"true\">technische Roadmaps<\/strong>. Neben den fachlichen Inhalten steht der pers\u00f6nliche Austausch im Mittelpunkt. In den Pausen und beim gemeinsamen Mittagessen bleibt ausreichend Zeit f\u00fcr Gespr\u00e4che, Fragen und Netzwerken. Das detaillierte Programm erhalten Sie rechtzeitig vor der Veranstaltung.<\/p>\n<h3 data-local-id=\"1fbd93d5-7054-483e-8813-74f03a219dc2\" data-renderer-start-pos=\"1904\"><strong data-renderer-mark=\"true\"><\/strong><\/h3>\n<h3 data-local-id=\"1fbd93d5-7054-483e-8813-74f03a219dc2\" data-renderer-start-pos=\"1904\"><strong data-renderer-mark=\"true\"><\/strong><\/h3>\n<h4 id=\"Anmeldung\" data-local-id=\"1fbd93d5-7054-483e-8813-74f03a219dc2\" data-renderer-start-pos=\"1904\"><strong data-renderer-mark=\"true\">Anmeldung<\/strong><\/h4>\n<p data-renderer-start-pos=\"1915\" data-local-id=\"6f0773fa-7cca-4d0b-b5ef-11cf7f56a3b3\">Bitte melden Sie sich rechtzeitig zum Anwenderforum an, indem Sie die Anmeldemaske auf dieser Seite unten ausf\u00fcllen. Die Anmeldung sollte sp\u00e4testens <strong data-renderer-mark=\"true\">acht Wochen vor der Veranstaltung<\/strong> erfolgen.<\/p>\n<h3 data-local-id=\"9a3a566e-310c-4d38-9220-328d90a393a6\" data-renderer-start-pos=\"2107\"><strong data-renderer-mark=\"true\"><\/strong><\/h3>\n<h3 data-local-id=\"9a3a566e-310c-4d38-9220-328d90a393a6\" data-renderer-start-pos=\"2107\"><strong data-renderer-mark=\"true\"><\/strong><\/h3>\n<h4 id=\"Hotel\u00fcbernachtung\" data-local-id=\"9a3a566e-310c-4d38-9220-328d90a393a6\" data-renderer-start-pos=\"2107\"><strong data-renderer-mark=\"true\">Hotel\u00fcbernachtung<\/strong><\/h4>\n<p data-renderer-start-pos=\"2126\" data-local-id=\"83460b02-624e-4de9-afa3-7ebc4c0850d7\">F\u00fcr die Nacht vom <strong data-renderer-mark=\"true\">24. auf den 25. Juni 2026<\/strong> haben wir im HOTEL HAFEN HAMBURG ein begrenztes Zimmerkontingent reserviert.<\/p>\n<p data-renderer-start-pos=\"2126\" data-local-id=\"83460b02-624e-4de9-afa3-7ebc4c0850d7\">Die Zimmer k\u00f6nnen Sie online \u00fcber folgenden Link buchen:<br \/><span style=\"text-decoration: underline; color: #0000ff;\"><a href=\"https:\/\/onepagebooking.com\/hhh\/allotments\/18036?allotmentcode=Inveos240626&amp;lang=de\" target=\"_blank\" rel=\"noopener\" title=\"Buchungslink\" style=\"color: #0000ff; text-decoration: underline;\">Online-Buchungslink<\/a><\/span><\/p>\n<p data-renderer-start-pos=\"2126\" data-local-id=\"83460b02-624e-4de9-afa3-7ebc4c0850d7\">Alternativ ist eine Buchung per E-Mail unter <span style=\"text-decoration: underline;\"><span style=\"color: #3366ff;\"><a title=\"mailto:reservierung@hotel-hamburg.de\" data-renderer-mark=\"true\" href=\"mailto:reservierung@hotel-hamburg.de\" class=\"_ymio1r31 _ypr0glyw _zcxs1o36 _mizu1v1w _1ah3dkaa _ra3xnqa1 _128mdkaa _1cvmnqa1 _4davt94y _4bfu1r31 _1hms8stv _ajmmnqa1 _vchhusvi _kqswh2mm _syaz13af _ect4ttxp _1a3b1r31 _4fpr8stv _5goinqa1 _f8pj13af _9oik1r31 _1bnxglyw _jf4cnqa1 _30l313af _1nrm1r31 _c2waglyw _1iohnqa1 _9h8h12zz _10531ra0 _1ien1ra0 _n0fx1ra0 _1vhv17z1\" style=\"color: #3366ff; text-decoration: underline;\">reservierung@hotel-hamburg.de<\/a><\/span><\/span> oder telefonisch unter <strong data-renderer-mark=\"true\">040 \/ 31 11 3-70 600 <\/strong>m\u00f6glich.<\/p>\n<ul class=\"ak-ul\" data-local-id=\"07fb3a13-6292-4eed-aeab-4e88a8e5c208\" data-indent-level=\"1\">\n<li>\n<p data-renderer-start-pos=\"2424\" data-local-id=\"3cf8b061-a8a4-4a29-a95c-46bc9f8e1f55\">Abrufkontingent bis: <strong data-renderer-mark=\"true\">acht Wochen vor Anreise<\/strong><\/p>\n<\/li>\n<li>\n<p data-renderer-start-pos=\"2472\" data-local-id=\"a7ad9a2e-2218-493a-ac2c-3d7bc3ccfc00\">Stichwort f\u00fcr die Buchung: <strong data-renderer-mark=\"true\">Inveos240626<\/strong><\/p>\n<\/li>\n<li>\n<p data-renderer-start-pos=\"2515\" data-local-id=\"9ae858e1-1e84-450d-af28-156f7a6fb32c\"><strong data-renderer-mark=\"true\">Selbstzahler<\/strong><\/p>\n<\/li>\n<li>\n<p data-renderer-start-pos=\"2531\" data-local-id=\"cae23a5e-0ffd-47b2-8b01-6768fe07d39e\">Zimmerpreis: <strong data-renderer-mark=\"true\">170\u202f\u20ac pro Nacht<\/strong> zzgl. <strong data-renderer-mark=\"true\">27\u202f\u20ac Fr\u00fchst\u00fcck<\/strong><\/p>\n<\/li>\n<\/ul>\n<p data-renderer-start-pos=\"2584\" data-local-id=\"8303f664-b58f-4d79-a4f4-2cde0d602d27\">Bitte beachten Sie, dass nur eine begrenzte Anzahl an Zimmern zur Verf\u00fcgung steht.<\/p>\n<p data-renderer-start-pos=\"2584\" data-local-id=\"8303f664-b58f-4d79-a4f4-2cde0d602d27\">Wir freuen uns sehr darauf, Sie in Hamburg pers\u00f6nlich zu begr\u00fc\u00dfen.<\/p>\n<p data-renderer-start-pos=\"2736\" data-local-id=\"f1b9ac44-d4ac-44a2-ab38-560f9fa37804\">Mit besten Gr\u00fc\u00dfen<br \/><strong data-renderer-mark=\"true\">Ihr ProRis-Team<\/strong><\/p>[\/et_pb_text][et_pb_heading title=&#8220;Anmeldung&#8220; _builder_version=&#8220;4.27.5&#8243; _module_preset=&#8220;default&#8220; title_font=&#8220;|Cormorant Garamond_weight|||||||&#8220; title_text_color=&#8220;#109ABB&#8220; title_font_size=&#8220;33px&#8220; custom_margin=&#8220;||13px|||&#8220; custom_padding=&#8220;49px|||||&#8220; locked=&#8220;off&#8220; global_colors_info=&#8220;{}&#8220;][\/et_pb_heading][et_pb_text _builder_version=&#8220;4.27.5&#8243; _module_preset=&#8220;default&#8220; locked=&#8220;off&#8220; global_colors_info=&#8220;{}&#8220;]<p>Hinweis: Alle mit einem Sternchen * markierten Felder sind Pflichtfelder. Im Feld &#8222;Nachricht&#8220; k\u00f6nnen Sie uns pers\u00f6nliche Informationen mitteilen, wie z.B. Lebensmittelunvertr\u00e4glichkeiten.<\/p>[\/et_pb_text][\/et_pb_column][\/et_pb_row][et_pb_row _builder_version=&#8220;4.27.5&#8243; _module_preset=&#8220;default&#8220; global_colors_info=&#8220;{}&#8220;][et_pb_column type=&#8220;4_4&#8243; _builder_version=&#8220;4.27.5&#8243; _module_preset=&#8220;default&#8220; global_colors_info=&#8220;{}&#8220;][wpforms_selector form_id=&#8220;1126&#8243; _builder_version=&#8220;4.27.5&#8243; _module_preset=&#8220;default&#8220; global_colors_info=&#8220;{}&#8220;][\/wpforms_selector][\/et_pb_column][\/et_pb_row][\/et_pb_section]\n","protected":false},"excerpt":{"rendered":"<p>Liebe Kundinnen und Kunden, wir freuen uns, Sie zum ProRis Anwenderforum 2026 einzuladen. Am 24. und 25. Juni 2026 treffen wir uns in Hamburg zu zwei Tagen voller Austausch, Information und pers\u00f6nlicher Begegnungen. Veranstaltungsort HOTEL HAFEN HAMBURGSeewartenstra\u00dfe 920459 Hamburg Am 24. Juni treffen wir uns um 16:45 Uhr vor dem HOTEL HAFEN HAMBURG zu einem [&hellip;]<\/p>\n","protected":false},"author":5,"featured_media":0,"parent":0,"menu_order":0,"comment_status":"closed","ping_status":"closed","template":"","meta":{"_et_pb_use_builder":"on","_et_pb_old_content":"","_et_gb_content_width":"","footnotes":""},"class_list":["post-1110","page","type-page","status-publish","hentry"],"_links":{"self":[{"href":"https:\/\/inveos.com\/en\/wp-json\/wp\/v2\/pages\/1110","targetHints":{"allow":["GET"]}}],"collection":[{"href":"https:\/\/inveos.com\/en\/wp-json\/wp\/v2\/pages"}],"about":[{"href":"https:\/\/inveos.com\/en\/wp-json\/wp\/v2\/types\/page"}],"author":[{"embeddable":true,"href":"https:\/\/inveos.com\/en\/wp-json\/wp\/v2\/users\/5"}],"replies":[{"embeddable":true,"href":"https:\/\/inveos.com\/en\/wp-json\/wp\/v2\/comments?post=1110"}],"version-history":[{"count":9,"href":"https:\/\/inveos.com\/en\/wp-json\/wp\/v2\/pages\/1110\/revisions"}],"predecessor-version":[{"id":1166,"href":"https:\/\/inveos.com\/en\/wp-json\/wp\/v2\/pages\/1110\/revisions\/1166"}],"wp:attachment":[{"href":"https:\/\/inveos.com\/en\/wp-json\/wp\/v2\/media?parent=1110"}],"curies":[{"name":"wp","href":"https:\/\/api.w.org\/{rel}","templated":true}]}}